    {"id":10,"date":"2026-02-06T18:25:53","date_gmt":"2026-02-06T18:25:53","guid":{"rendered":"https:\/\/zavales.com\/?page_id=10"},"modified":"2026-02-11T18:45:53","modified_gmt":"2026-02-11T18:45:53","slug":"contact-us","status":"publish","type":"page","link":"https:\/\/zavales.com\/de\/contact-us\/","title":{"rendered":"Kontaktieren Sie uns"},"content":{"rendered":"<p>Wir freuen uns immer, von Ihnen zu h\u00f6ren!<br>Bei <strong>Zavales<\/strong>Wir legen Wert auf eine offene, respektvolle und transparente Kommunikation mit unseren Lesern, Partnern und Besuchern. <\/p>\n\n\n\n<p>Ihre Meinung ist uns wichtig und jede Nachricht hilft uns, uns zu verbessern und weiterhin qualitativ hochwertige Inhalte in den Bereichen Apps, Technologie, Unterhaltung und digitale Anwendungen bereitzustellen.<\/p>\n\n\n\n<p>Bei Fragen, Anregungen, Feedback, Kooperationsvorschl\u00e4gen oder wenn Sie einfach nur Kontakt aufnehmen m\u00f6chten, k\u00f6nnen Sie uns gerne per E-Mail kontaktieren. <strong>contato@zavales.com<\/strong>.<\/p>\n\n\n\n<p>Wir antworten so schnell wie m\u00f6glich und freuen uns \u00fcber jede Nachricht, die wir erhalten.<\/p>\n\n\n\n<p>Vielen Dank f\u00fcrs Folgen. <strong>Zavales<\/strong>!<\/p>","protected":false},"excerpt":{"rendered":"<p>We are always ready to hear from you!At Zavales, we value open, respectful and transparent communication with our readers, partners and visitors. Your opinions are important to us and every message helps us improve and continue providing high-quality content across apps, technology, entertainment and digital utilities. If you have any questions, suggestions, feedback, collaboration proposals [&hellip;]<\/p>","protected":false},"author":267,"featured_media":0,"parent":0,"menu_order":0,"comment_status":"closed","ping_status":"closed","template":"","meta":{"footnotes":""},"_links":{"self":[{"href":"https:\/\/zavales.com\/de\/wp-json\/wp\/v2\/pages\/10"}],"collection":[{"href":"https:\/\/zavales.com\/de\/wp-json\/wp\/v2\/pages"}],"about":[{"href":"https:\/\/zavales.com\/de\/wp-json\/wp\/v2\/types\/page"}],"author":[{"embeddable":true,"href":"https:\/\/zavales.com\/de\/wp-json\/wp\/v2\/users\/267"}],"replies":[{"embeddable":true,"href":"https:\/\/zavales.com\/de\/wp-json\/wp\/v2\/comments?post=10"}],"version-history":[{"count":3,"href":"https:\/\/zavales.com\/de\/wp-json\/wp\/v2\/pages\/10\/revisions"}],"predecessor-version":[{"id":449,"href":"https:\/\/zavales.com\/de\/wp-json\/wp\/v2\/pages\/10\/revisions\/449"}],"wp:attachment":[{"href":"https:\/\/zavales.com\/de\/wp-json\/wp\/v2\/media?parent=10"}],"curies":[{"name":"wp","href":"https:\/\/api.w.org\/{rel}","templated":true}]}}