    {"id":7,"date":"2026-02-06T18:25:24","date_gmt":"2026-02-06T18:25:24","guid":{"rendered":"https:\/\/zavales.com\/?page_id=7"},"modified":"2026-02-11T18:56:00","modified_gmt":"2026-02-11T18:56:00","slug":"privacy-policy","status":"publish","type":"page","link":"https:\/\/zavales.com\/de\/privacy-policy\/","title":{"rendered":"Datenschutzrichtlinie"},"content":{"rendered":"<p>Ihre Privatsph\u00e4re ist uns wichtig. Dies ist unsere Datenschutzrichtlinie. <strong>Zavales<\/strong> Wir respektieren und sch\u00fctzen alle personenbezogenen Daten, die wir \u00fcber unsere Website Zavales sowie \u00fcber andere Websites und Plattformen, die wir besitzen und betreiben, von Ihnen erheben.<\/p>\n\n\n\n<p>Wir erfragen personenbezogene Daten nur dann, wenn dies unbedingt erforderlich ist, um Ihnen eine Dienstleistung anbieten zu k\u00f6nnen. Alle Daten werden auf rechtm\u00e4\u00dfige und transparente Weise, mit Ihrem Wissen und Ihrer Einwilligung erhoben. Wir erl\u00e4utern Ihnen klar und deutlich, warum wir die Daten erheben und wie sie verwendet werden.<\/p>\n\n\n\n<p>Wir speichern erhobene Informationen nur so lange, wie es zur Erf\u00fcllung der Zwecke, f\u00fcr die sie erhoben wurden, erforderlich ist. Die von uns gespeicherten Daten werden durch angemessene Sicherheitsma\u00dfnahmen gesch\u00fctzt, um Verlust, Diebstahl, unbefugten Zugriff, Offenlegung, Ver\u00e4nderung oder Missbrauch zu verhindern.<\/p>\n\n\n\n<p>Wir geben personenbezogene Daten nicht \u00f6ffentlich weiter und legen sie Dritten nicht offen, es sei denn, dies ist gesetzlich vorgeschrieben.<\/p>\n\n\n\n<p>Unsere Website kann Links zu externen Websites enthalten, die nicht von Zavales betrieben werden. Bitte beachten Sie, dass wir keinen Einfluss auf die Inhalte oder Datenschutzpraktiken dieser Websites haben und keine Verantwortung f\u00fcr deren jeweilige Richtlinien \u00fcbernehmen k\u00f6nnen.<\/p>\n\n\n\n<p>Es steht Ihnen frei, die Angabe pers\u00f6nlicher Daten abzulehnen. Bitte beachten Sie jedoch, dass dies den Zugang zu bestimmten Diensten einschr\u00e4nken kann.<\/p>\n\n\n\n<p>Durch die weitere Nutzung unserer Website erkl\u00e4ren Sie sich mit unseren Datenschutzbestimmungen bez\u00fcglich personenbezogener Daten einverstanden. Sollten Sie Fragen zum Umgang mit Ihren Daten haben, k\u00f6nnen Sie uns jederzeit kontaktieren.<\/p>\n\n\n\n<hr class=\"wp-block-separator has-alpha-channel-opacity\" \/>\n\n\n\n<h1 class=\"wp-block-heading\">Cookie-Richtlinie f\u00fcr Zavales<\/h1>\n\n\n\n<p>Dies ist die Cookie-Richtlinie f\u00fcr <strong>Zavales<\/strong>, erreichbar \u00fcber unsere offizielle Website.<\/p>\n\n\n\n<h2 class=\"wp-block-heading\">Was sind Cookies?<\/h2>\n\n\n\n<p>Wie die meisten professionellen Websites verwenden wir Cookies \u2013 kleine Textdateien, die auf Ihrem Ger\u00e4t gespeichert werden \u2013, um Ihr Surferlebnis zu verbessern. In diesem Abschnitt erkl\u00e4ren wir, welche Informationen Cookies sammeln, wie wir sie verwenden und warum sie manchmal notwendig sind. Wir erkl\u00e4ren Ihnen auch, wie Sie Cookies deaktivieren k\u00f6nnen, weisen aber darauf hin, dass dies die Funktionalit\u00e4t bestimmter Websites beeintr\u00e4chtigen kann.<\/p>\n\n\n\n<h2 class=\"wp-block-heading\">Wie wir Cookies verwenden<\/h2>\n\n\n\n<p>Wir verwenden Cookies f\u00fcr verschiedene Zwecke, die im Folgenden erl\u00e4utert werden. In vielen F\u00e4llen gibt es keine Standardoptionen zum Deaktivieren von Cookies, ohne die Funktionen und Dienste, die sie bereitstellen, zu beeintr\u00e4chtigen. Daher empfehlen wir, Cookies aktiviert zu lassen, es sei denn, Sie sind sich sicher, dass Sie sie nicht ben\u00f6tigen.<\/p>\n\n\n\n<h2 class=\"wp-block-heading\">Cookies deaktivieren<\/h2>\n\n\n\n<p>Sie k\u00f6nnen das Setzen von Cookies verhindern, indem Sie Ihre Browsereinstellungen anpassen (Anweisungen dazu finden Sie in der Hilfe Ihres Browsers). Bitte beachten Sie, dass die Deaktivierung von Cookies die Funktionalit\u00e4t dieser und anderer von Ihnen besuchter Websites beeintr\u00e4chtigen kann. In vielen F\u00e4llen f\u00fchrt die Deaktivierung von Cookies zum Verlust bestimmter Funktionen.<\/p>\n\n\n\n<hr class=\"wp-block-separator has-alpha-channel-opacity\" \/>\n\n\n\n<h2 class=\"wp-block-heading\">Arten von Cookies, die wir verwenden<\/h2>\n\n\n\n<h3 class=\"wp-block-heading\">Kontobezogene Cookies<\/h3>\n\n\n\n<p>Wenn Sie ein Konto bei Zavales erstellen, verwenden wir Cookies, um den Registrierungsprozess und die allgemeine Verwaltung zu steuern. Diese Cookies werden in der Regel beim Abmelden gel\u00f6scht, in einigen F\u00e4llen bleiben sie jedoch erhalten, um Ihre Einstellungen zu speichern.<\/p>\n\n\n\n<h3 class=\"wp-block-heading\">Anmelde-Cookies<\/h3>\n\n\n\n<p>Diese Cookies erm\u00f6glichen es uns, Sie als angemeldeten Benutzer zu erkennen, sodass Sie sich nicht bei jedem Seitenaufruf erneut anmelden m\u00fcssen. Sie werden beim Abmelden gel\u00f6scht, um die Sicherheit gesch\u00fctzter Bereiche zu gew\u00e4hrleisten.<\/p>\n\n\n\n<h3 class=\"wp-block-heading\">Newsletter-Cookies<\/h3>\n\n\n\n<p>Wenn Sie unseren Newsletter oder unsere E-Mail-Dienste abonnieren, k\u00f6nnen Cookies verwendet werden, um Ihren Abonnementstatus zu speichern und relevante Benachrichtigungen anzuzeigen.<\/p>\n\n\n\n<h3 class=\"wp-block-heading\">Cookies zur Auftragsverarbeitung<\/h3>\n\n\n\n<p>Wenn wir Produkte oder Dienstleistungen anbieten, die eine Zahlung erfordern, sind Cookies unerl\u00e4sslich, um sicherzustellen, dass Ihre Bestelldaten seiten\u00fcbergreifend gespeichert werden, damit Transaktionen korrekt abgewickelt werden k\u00f6nnen.<\/p>\n\n\n\n<h3 class=\"wp-block-heading\">Umfrage-Cookies<\/h3>\n\n\n\n<p>Gelegentlich f\u00fchren wir Umfragen oder Frageb\u00f6gen durch. Cookies k\u00f6nnen verwendet werden, um die Teilnahme zu erfassen oder Antworten vor\u00fcbergehend zu speichern.<\/p>\n\n\n\n<h3 class=\"wp-block-heading\">Formular-Cookies<\/h3>\n\n\n\n<p>Wenn Sie Informationen \u00fcber Formulare (z. B. Kontakt- oder Kommentarformulare) \u00fcbermitteln, k\u00f6nnen Cookies Ihre Daten speichern, um zuk\u00fcnftige Interaktionen zu vereinfachen.<\/p>\n\n\n\n<h3 class=\"wp-block-heading\">Website-Pr\u00e4ferenz-Cookies<\/h3>\n\n\n\n<p>Mithilfe dieser Cookies k\u00f6nnen wir Ihre Pr\u00e4ferenzen und Einstellungen speichern und Ihnen so ein personalisierteres Surferlebnis bieten.<\/p>\n\n\n\n<hr class=\"wp-block-separator has-alpha-channel-opacity\" \/>\n\n\n\n<h2 class=\"wp-block-heading\">Cookies von Drittanbietern<\/h2>\n\n\n\n<p>In bestimmten F\u00e4llen verwenden wir Cookies von vertrauensw\u00fcrdigen Drittanbietern.<\/p>\n\n\n\n<h3 class=\"wp-block-heading\">Google Analytics<\/h3>\n\n\n\n<p>Zavales nutzt Google Analytics, eines der am weitesten verbreiteten Webanalyse-Tools. Diese Cookies helfen uns zu verstehen, wie Besucher unsere Website nutzen \u2013 einschlie\u00dflich der Verweildauer auf den Seiten, des Navigationsverhaltens und der Interaktion \u2013, damit wir die Benutzerfreundlichkeit verbessern k\u00f6nnen.<\/p>\n\n\n\n<p>Weitere Einzelheiten finden Sie in der offiziellen Analytics-Dokumentation von Google.<\/p>\n\n\n\n<h3 class=\"wp-block-heading\">Zus\u00e4tzliche Analysetools<\/h3>\n\n\n\n<p>Wir k\u00f6nnen auch andere Analysedienste von Drittanbietern nutzen, um die Nutzung der Website zu \u00fcberwachen und zu messen. Dies hilft uns, die Inhaltsqualit\u00e4t und die Gesamtleistung zu verbessern.<\/p>\n\n\n\n<h3 class=\"wp-block-heading\">Funktionstests Cookies<\/h3>\n\n\n\n<p>Gelegentlich testen wir neue Funktionen oder nehmen Anpassungen am Website-Layout vor. Cookies k\u00f6nnen verwendet werden, um ein einheitliches Nutzererlebnis zu gew\u00e4hrleisten und zu ermitteln, welche Verbesserungen am meisten gesch\u00e4tzt werden.<\/p>\n\n\n\n<h3 class=\"wp-block-heading\">E-Commerce-Cookies<\/h3>\n\n\n\n<p>Wenn wir Produkte oder Dienstleistungen anbieten, helfen uns diese Cookies, das Kaufverhalten und Leistungskennzahlen zu analysieren, um unser Angebot und unsere Werbestrategien zu verbessern.<\/p>\n\n\n\n<h3 class=\"wp-block-heading\">Cookies f\u00fcr soziale Medien<\/h3>\n\n\n\n<p>Wir k\u00f6nnen Social-Media-Buttons oder -Plugins (z. B. von Facebook, Instagram, Twitter, Pinterest usw.) einbinden. Diese Plattformen k\u00f6nnen \u00fcber unsere Website Cookies gem\u00e4\u00df ihren eigenen Datenschutzrichtlinien setzen.<\/p>\n\n\n\n<hr class=\"wp-block-separator has-alpha-channel-opacity\" \/>\n\n\n\n<h2 class=\"wp-block-heading\">Werbung und Abmeldeoptionen<\/h2>\n\n\n\n<p>Wir nutzen Google AdX und andere Werbepartner, um Anzeigen zu schalten.<\/p>\n\n\n\n<p>Google und seine Partner verwenden m\u00f6glicherweise Cookies und \u00e4hnliche Technologien, um Werbung auf der Grundlage der Interessen und des Surfverhaltens der Nutzer zu personalisieren.<\/p>\n\n\n\n<p>Sie k\u00f6nnen personalisierte Werbung verwalten oder deaktivieren, indem Sie Folgendes besuchen:<\/p>\n\n\n\n<ul>\n<li><a href=\"https:\/\/myadcenter.google.com\/home?sasb=true&amp;ref=ad-settings\">Google-Anzeigeneinstellungen<\/a><\/li>\n\n\n\n<li><a href=\"https:\/\/myadcenter.google.com\/home\">Google My Ad Center<\/a><\/li>\n<\/ul>\n\n\n\n<p>Sie k\u00f6nnen personalisierte Werbung jederzeit mithilfe dieser Tools deaktivieren.<\/p>\n\n\n\n<hr class=\"wp-block-separator has-alpha-channel-opacity\" \/>\n\n\n\n<h2 class=\"wp-block-heading\">Abschlie\u00dfende Informationen<\/h2>\n\n\n\n<p>Wir hoffen, diese Richtlinie hat verdeutlicht, wie wir mit Datenschutz und Cookies umgehen. Wenn Sie sich nicht sicher sind, ob Sie bestimmte Cookies ben\u00f6tigen, empfehlen wir generell, diese aktiviert zu lassen, um die Funktionalit\u00e4t der Website nicht zu beeintr\u00e4chtigen.<\/p>\n\n\n\n<p>Diese Richtlinie tritt am [Datum einf\u00fcgen] in Kraft. <strong>November 2025<\/strong>.<\/p>","protected":false},"excerpt":{"rendered":"<p>Your privacy is important to us. It is the policy of Zavales to respect and protect any personal information we may collect from you through our website, Zavales, as well as other websites and platforms we own and operate. We only request personal information when it is genuinely necessary to provide a service to you. [&hellip;]<\/p>","protected":false},"author":267,"featured_media":0,"parent":0,"menu_order":0,"comment_status":"closed","ping_status":"closed","template":"","meta":{"footnotes":""},"_links":{"self":[{"href":"https:\/\/zavales.com\/de\/wp-json\/wp\/v2\/pages\/7"}],"collection":[{"href":"https:\/\/zavales.com\/de\/wp-json\/wp\/v2\/pages"}],"about":[{"href":"https:\/\/zavales.com\/de\/wp-json\/wp\/v2\/types\/page"}],"author":[{"embeddable":true,"href":"https:\/\/zavales.com\/de\/wp-json\/wp\/v2\/users\/267"}],"replies":[{"embeddable":true,"href":"https:\/\/zavales.com\/de\/wp-json\/wp\/v2\/comments?post=7"}],"version-history":[{"count":2,"href":"https:\/\/zavales.com\/de\/wp-json\/wp\/v2\/pages\/7\/revisions"}],"predecessor-version":[{"id":453,"href":"https:\/\/zavales.com\/de\/wp-json\/wp\/v2\/pages\/7\/revisions\/453"}],"wp:attachment":[{"href":"https:\/\/zavales.com\/de\/wp-json\/wp\/v2\/media?parent=7"}],"curies":[{"name":"wp","href":"https:\/\/api.w.org\/{rel}","templated":true}]}}