    {"id":9,"date":"2026-02-06T18:24:32","date_gmt":"2026-02-06T18:24:32","guid":{"rendered":"https:\/\/zavales.com\/?page_id=9"},"modified":"2026-02-11T18:58:39","modified_gmt":"2026-02-11T18:58:39","slug":"terms-of-use","status":"publish","type":"page","link":"https:\/\/zavales.com\/de\/terms-of-use\/","title":{"rendered":"Nutzungsbedingungen"},"content":{"rendered":"<p>Durch den Zugriff auf und die Nutzung der Website <strong>Zavales<\/strong>Sie erkl\u00e4ren sich damit einverstanden, diese Nutzungsbedingungen sowie alle geltenden Gesetze und Vorschriften einzuhalten. <\/p>\n\n\n\n<p>Sie best\u00e4tigen, dass Sie f\u00fcr die Einhaltung aller geltenden Gesetze der Vereinigten Staaten verantwortlich sind. Sollten Sie mit einem Teil dieser Bedingungen nicht einverstanden sein, d\u00fcrfen Sie diese Website nicht aufrufen oder nutzen. <\/p>\n\n\n\n<p>Alle auf dieser Website verf\u00fcgbaren Inhalte und Materialien sind durch geltende Urheber- und Markenrechte gesch\u00fctzt.<\/p>\n\n\n\n<hr class=\"wp-block-separator has-alpha-channel-opacity\" \/>\n\n\n\n<h2 class=\"wp-block-heading\">1. Lizenz zur Nutzung<\/h2>\n\n\n\n<p>Zavales gew\u00e4hrt Ihnen eine beschr\u00e4nkte, nicht ausschlie\u00dfliche und nicht \u00fcbertragbare Lizenz zum vor\u00fcbergehenden Herunterladen einer Kopie der Materialien (einschlie\u00dflich Informationen oder Software) von der Website ausschlie\u00dflich zur pers\u00f6nlichen, nicht kommerziellen und vor\u00fcbergehenden Ansicht. <\/p>\n\n\n\n<p>Diese Lizenz \u00fcbertr\u00e4gt keine Eigentumsrechte.<\/p>\n\n\n\n<p>Im Rahmen dieser Lizenz ist Ihnen Folgendes nicht gestattet:<\/p>\n\n\n\n<ul>\n<li>Die Materialien d\u00fcrfen nicht ver\u00e4ndert, reproduziert oder vervielf\u00e4ltigt werden;<\/li>\n\n\n\n<li>Die Materialien d\u00fcrfen nicht f\u00fcr kommerzielle Zwecke oder f\u00fcr \u00f6ffentliche Vorf\u00fchrungen (kommerziell oder nichtkommerziell) verwendet werden;<\/li>\n\n\n\n<li>Der Versuch, Software auf der Website zu dekompilieren, zur\u00fcckzuentwickeln oder auf andere Weise Quellcode daraus zu extrahieren, ist untersagt.<\/li>\n\n\n\n<li>Entfernen Sie jegliche Urheberrechts-, Marken- oder Eigentumshinweise aus den Materialien;<\/li>\n\n\n\n<li>\u00dcbertragen Sie die Materialien an eine andere Person oder replizieren Sie sie (\u201espiegeln\u201c) Sie sie auf einem anderen Server.<\/li>\n<\/ul>\n\n\n\n<p>Diese Lizenz erlischt automatisch, wenn Sie gegen eine dieser Bestimmungen versto\u00dfen, und kann von Zavales jederzeit widerrufen werden. <\/p>\n\n\n\n<p>Nach Beendigung des Vertrags m\u00fcssen Sie s\u00e4mtliche heruntergeladenen Materialien, die sich in Ihrem Besitz befinden, unabh\u00e4ngig davon, ob sie in digitaler oder gedruckter Form vorliegen, endg\u00fcltig l\u00f6schen oder vernichten.<\/p>\n\n\n\n<hr class=\"wp-block-separator has-alpha-channel-opacity\" \/>\n\n\n\n<h2 class=\"wp-block-heading\">2. Haftungsausschluss<\/h2>\n\n\n\n<p>Alle auf Zavales bereitgestellten Materialien werden im Ist-Zustand und nach Verf\u00fcgbarkeit angeboten. <\/p>\n\n\n\n<p>Zavales \u00fcbernimmt keine ausdr\u00fccklichen oder stillschweigenden Gew\u00e4hrleistungen und lehnt jegliche Gew\u00e4hrleistung ab, insbesondere stillschweigende Gew\u00e4hrleistungen der Handels\u00fcblichkeit, der Eignung f\u00fcr einen bestimmten Zweck oder der Nichtverletzung von Rechten an geistigem Eigentum oder anderen Rechten.<\/p>\n\n\n\n<p>Dar\u00fcber hinaus \u00fcbernimmt Zavales keine Gew\u00e4hr f\u00fcr die Richtigkeit, die zu erwartenden Ergebnisse oder die Zuverl\u00e4ssigkeit der Inhalte auf der Website oder auf externen, damit verlinkten Seiten.<\/p>\n\n\n\n<hr class=\"wp-block-separator has-alpha-channel-opacity\" \/>\n\n\n\n<h2 class=\"wp-block-heading\">3. Haftungsbeschr\u00e4nkung<\/h2>\n\n\n\n<p>Zavales und seine Lieferanten haften unter keinen Umst\u00e4nden f\u00fcr Sch\u00e4den, die aus der Nutzung oder der Unm\u00f6glichkeit der Nutzung der Materialien auf dieser Website entstehen. Dies umfasst insbesondere Sch\u00e4den durch Datenverlust, entgangenen Gewinn oder Betriebsunterbrechung \u2013 selbst wenn Zavales oder ein autorisierter Vertreter auf die M\u00f6glichkeit solcher Sch\u00e4den hingewiesen wurde.<\/p>\n\n\n\n<p>In einigen Rechtsordnungen sind Beschr\u00e4nkungen der stillschweigenden Gew\u00e4hrleistung oder der Haftung f\u00fcr Neben- oder Folgesch\u00e4den nicht zul\u00e4ssig. In solchen F\u00e4llen treffen bestimmte der oben beschriebenen Beschr\u00e4nkungen m\u00f6glicherweise nicht auf Sie zu.<\/p>\n\n\n\n<hr class=\"wp-block-separator has-alpha-channel-opacity\" \/>\n\n\n\n<h2 class=\"wp-block-heading\">4. Genauigkeit der Informationen<\/h2>\n\n\n\n<p>Die auf Zavales ver\u00f6ffentlichten Inhalte k\u00f6nnen technische, typografische oder visuelle Ungenauigkeiten enthalten. Zavales \u00fcbernimmt keine Gew\u00e4hr f\u00fcr die Richtigkeit, Vollst\u00e4ndigkeit oder Aktualit\u00e4t der Inhalte auf der Website. Wir behalten uns das Recht vor, die Website-Inhalte jederzeit und ohne vorherige Ank\u00fcndigung zu \u00e4ndern; wir sind jedoch nicht verpflichtet, Informationen zu aktualisieren.<\/p>\n\n\n\n<hr class=\"wp-block-separator has-alpha-channel-opacity\" \/>\n\n\n\n<h2 class=\"wp-block-heading\">5. Externe Links<\/h2>\n\n\n\n<p>Zavales kann Links zu Webseiten Dritter enthalten. Wir haben nicht alle mit unserer Plattform verlinkten externen Seiten \u00fcberpr\u00fcft und \u00fcbernehmen keine Verantwortung f\u00fcr deren Inhalte, Richtlinien oder Praktiken. Die Aufnahme eines Links bedeutet keine Empfehlung. Der Zugriff auf Webseiten Dritter erfolgt auf eigene Gefahr.<\/p>\n\n\n\n<hr class=\"wp-block-separator has-alpha-channel-opacity\" \/>\n\n\n\n<h2 class=\"wp-block-heading\">6. \u00c4nderungen dieser Bedingungen<\/h2>\n\n\n\n<p>Zavales beh\u00e4lt sich das Recht vor, diese Nutzungsbedingungen jederzeit und ohne vorherige Ank\u00fcndigung zu \u00e4ndern oder zu aktualisieren. Durch die weitere Nutzung der Website erkl\u00e4ren Sie sich mit der jeweils aktuellen Version dieser Nutzungsbedingungen einverstanden.<\/p>\n\n\n\n<hr class=\"wp-block-separator has-alpha-channel-opacity\" \/>\n\n\n\n<h2 class=\"wp-block-heading\">7. Anwendbares Recht<\/h2>\n\n\n\n<p>Diese Nutzungsbedingungen unterliegen dem Recht der Vereinigten Staaten und werden entsprechend ausgelegt. Mit der Nutzung dieser Website erkl\u00e4ren Sie sich damit einverstanden, sich der ausschlie\u00dflichen Zust\u00e4ndigkeit der Gerichte in den Vereinigten Staaten f\u00fcr die Beilegung etwaiger Streitigkeiten zu unterwerfen.<\/p>","protected":false},"excerpt":{"rendered":"<p>By accessing and using the website Zavales, you agree to comply with these Terms of Service, as well as all applicable laws and regulations. You acknowledge that you are responsible for ensuring compliance with any relevant laws of the United States. If you do not agree with any part of these terms, you must not [&hellip;]<\/p>","protected":false},"author":267,"featured_media":0,"parent":0,"menu_order":0,"comment_status":"closed","ping_status":"closed","template":"","meta":{"footnotes":""},"_links":{"self":[{"href":"https:\/\/zavales.com\/de\/wp-json\/wp\/v2\/pages\/9"}],"collection":[{"href":"https:\/\/zavales.com\/de\/wp-json\/wp\/v2\/pages"}],"about":[{"href":"https:\/\/zavales.com\/de\/wp-json\/wp\/v2\/types\/page"}],"author":[{"embeddable":true,"href":"https:\/\/zavales.com\/de\/wp-json\/wp\/v2\/users\/267"}],"replies":[{"embeddable":true,"href":"https:\/\/zavales.com\/de\/wp-json\/wp\/v2\/comments?post=9"}],"version-history":[{"count":2,"href":"https:\/\/zavales.com\/de\/wp-json\/wp\/v2\/pages\/9\/revisions"}],"predecessor-version":[{"id":454,"href":"https:\/\/zavales.com\/de\/wp-json\/wp\/v2\/pages\/9\/revisions\/454"}],"wp:attachment":[{"href":"https:\/\/zavales.com\/de\/wp-json\/wp\/v2\/media?parent=9"}],"curies":[{"name":"wp","href":"https:\/\/api.w.org\/{rel}","templated":true}]}}