    {"id":10,"date":"2026-02-06T18:25:53","date_gmt":"2026-02-06T18:25:53","guid":{"rendered":"https:\/\/zavales.com\/?page_id=10"},"modified":"2026-02-11T18:45:53","modified_gmt":"2026-02-11T18:45:53","slug":"contact-us","status":"publish","type":"page","link":"https:\/\/zavales.com\/es\/contact-us\/","title":{"rendered":"Cont\u00e1ctenos"},"content":{"rendered":"<p>\u00a1Siempre estamos listos para escucharte!<br>En <strong>Zavales<\/strong>Valoramos la comunicaci\u00f3n abierta, respetuosa y transparente con nuestros lectores, socios y visitantes. <\/p>\n\n\n\n<p>Tus opiniones son importantes para nosotros y cada mensaje nos ayuda a mejorar y seguir ofreciendo contenido de alta calidad en aplicaciones, tecnolog\u00eda, entretenimiento y utilidades digitales.<\/p>\n\n\n\n<p>Si tienes alguna pregunta, sugerencia, comentario, propuesta de colaboraci\u00f3n o simplemente quieres ponerte en contacto con nosotros, no dudes en hacerlo a trav\u00e9s del correo electr\u00f3nico. <strong>contacto@zavales.com<\/strong>.<\/p>\n\n\n\n<p>Respondemos lo m\u00e1s r\u00e1pido posible y agradecemos cada mensaje que recibimos.<\/p>\n\n\n\n<p>Gracias por seguirme <strong>Zavales<\/strong>!<\/p>","protected":false},"excerpt":{"rendered":"<p>We are always ready to hear from you!At Zavales, we value open, respectful and transparent communication with our readers, partners and visitors. Your opinions are important to us and every message helps us improve and continue providing high-quality content across apps, technology, entertainment and digital utilities. If you have any questions, suggestions, feedback, collaboration proposals [&hellip;]<\/p>","protected":false},"author":267,"featured_media":0,"parent":0,"menu_order":0,"comment_status":"closed","ping_status":"closed","template":"","meta":{"footnotes":""},"_links":{"self":[{"href":"https:\/\/zavales.com\/es\/wp-json\/wp\/v2\/pages\/10"}],"collection":[{"href":"https:\/\/zavales.com\/es\/wp-json\/wp\/v2\/pages"}],"about":[{"href":"https:\/\/zavales.com\/es\/wp-json\/wp\/v2\/types\/page"}],"author":[{"embeddable":true,"href":"https:\/\/zavales.com\/es\/wp-json\/wp\/v2\/users\/267"}],"replies":[{"embeddable":true,"href":"https:\/\/zavales.com\/es\/wp-json\/wp\/v2\/comments?post=10"}],"version-history":[{"count":3,"href":"https:\/\/zavales.com\/es\/wp-json\/wp\/v2\/pages\/10\/revisions"}],"predecessor-version":[{"id":449,"href":"https:\/\/zavales.com\/es\/wp-json\/wp\/v2\/pages\/10\/revisions\/449"}],"wp:attachment":[{"href":"https:\/\/zavales.com\/es\/wp-json\/wp\/v2\/media?parent=10"}],"curies":[{"name":"wp","href":"https:\/\/api.w.org\/{rel}","templated":true}]}}