    {"id":7,"date":"2026-02-06T18:25:24","date_gmt":"2026-02-06T18:25:24","guid":{"rendered":"https:\/\/zavales.com\/?page_id=7"},"modified":"2026-02-11T18:56:00","modified_gmt":"2026-02-11T18:56:00","slug":"privacy-policy","status":"publish","type":"page","link":"https:\/\/zavales.com\/es\/privacy-policy\/","title":{"rendered":"pol\u00edtica de privacidad"},"content":{"rendered":"<p>Su privacidad es importante para nosotros. Es la pol\u00edtica de <strong>Zavales<\/strong> Respetar y proteger cualquier informaci\u00f3n personal que podamos recopilar de usted a trav\u00e9s de nuestro sitio web, Zavales, as\u00ed como de otros sitios web y plataformas que poseemos y operamos.<\/p>\n\n\n\n<p>Solo solicitamos informaci\u00f3n personal cuando es estrictamente necesario para prestarle un servicio. Todos los datos se recopilan de forma l\u00edcita y transparente, con su conocimiento y consentimiento. Le explicamos claramente por qu\u00e9 recopilamos la informaci\u00f3n y c\u00f3mo se utilizar\u00e1.<\/p>\n\n\n\n<p>Conservamos la informaci\u00f3n recopilada \u00fanicamente durante el tiempo necesario para cumplir con los fines para los que fue recabada. Los datos que almacenamos est\u00e1n protegidos mediante medidas de seguridad comercialmente razonables para prevenir su p\u00e9rdida, robo, acceso no autorizado, divulgaci\u00f3n, alteraci\u00f3n o uso indebido.<\/p>\n\n\n\n<p>No compartimos p\u00fablicamente informaci\u00f3n que permita identificar a las personas ni la divulgamos a terceros, excepto cuando lo exige la ley.<\/p>\n\n\n\n<p>Nuestro sitio web puede contener enlaces a sitios externos que no son operados por Zavales. Tenga en cuenta que no tenemos control sobre el contenido ni las pr\u00e1cticas de privacidad de dichos sitios web y no podemos asumir responsabilidad alguna por sus respectivas pol\u00edticas.<\/p>\n\n\n\n<p>Usted es libre de negarse a proporcionar informaci\u00f3n personal, entendiendo que al hacerlo puede limitar el acceso a ciertos servicios.<\/p>\n\n\n\n<p>Al continuar utilizando nuestro sitio web, usted reconoce y acepta nuestras pr\u00e1cticas de privacidad con respecto a los datos personales. Si tiene alguna pregunta sobre c\u00f3mo manejamos la informaci\u00f3n de los usuarios, no dude en contactarnos en cualquier momento.<\/p>\n\n\n\n<hr class=\"wp-block-separator has-alpha-channel-opacity\" \/>\n\n\n\n<h1 class=\"wp-block-heading\">Pol\u00edtica de cookies de Zavales<\/h1>\n\n\n\n<p>Esta es la Pol\u00edtica de cookies para <strong>Zavales<\/strong>, accesible a trav\u00e9s de nuestro sitio web oficial.<\/p>\n\n\n\n<h2 class=\"wp-block-heading\">\u00bfQu\u00e9 son las cookies?<\/h2>\n\n\n\n<p>Como la mayor\u00eda de los sitios web profesionales, utilizamos cookies (peque\u00f1os archivos de texto que se almacenan en tu dispositivo) para mejorar tu experiencia de navegaci\u00f3n. Esta secci\u00f3n explica qu\u00e9 informaci\u00f3n recopilan las cookies, c\u00f3mo las utilizamos y por qu\u00e9 a veces son necesarias. Tambi\u00e9n explicamos c\u00f3mo puedes desactivarlas, teniendo en cuenta que esto podr\u00eda afectar a algunas funcionalidades del sitio web.<\/p>\n\n\n\n<h2 class=\"wp-block-heading\">C\u00f3mo utilizamos las cookies<\/h2>\n\n\n\n<p>Utilizamos cookies para diversos fines, que se detallan a continuaci\u00f3n. En muchos casos, no existen opciones est\u00e1ndar para desactivar las cookies sin afectar las funciones que ofrecen. Por este motivo, recomendamos mantener las cookies activadas a menos que est\u00e9 seguro de que no las necesita.<\/p>\n\n\n\n<h2 class=\"wp-block-heading\">Deshabilitar las cookies<\/h2>\n\n\n\n<p>Puedes impedir que se instalen cookies ajustando la configuraci\u00f3n de tu navegador (consulta la secci\u00f3n de Ayuda de tu navegador para obtener instrucciones). Ten en cuenta que deshabilitar las cookies puede afectar el funcionamiento de este y otros sitios web que visites. En muchos casos, deshabilitar las cookies conlleva la p\u00e9rdida de ciertas funciones.<\/p>\n\n\n\n<hr class=\"wp-block-separator has-alpha-channel-opacity\" \/>\n\n\n\n<h2 class=\"wp-block-heading\">Tipos de cookies que utilizamos<\/h2>\n\n\n\n<h3 class=\"wp-block-heading\">Cookies relacionadas con la cuenta<\/h3>\n\n\n\n<p>Si creas una cuenta en Zavales, utilizamos cookies para gestionar el proceso de registro y la administraci\u00f3n general. Estas cookies se eliminan normalmente al cerrar sesi\u00f3n, aunque en algunos casos pueden permanecer para recordar tus preferencias.<\/p>\n\n\n\n<h3 class=\"wp-block-heading\">Cookies de inicio de sesi\u00f3n<\/h3>\n\n\n\n<p>Estas cookies nos permiten reconocer cu\u00e1ndo has iniciado sesi\u00f3n, evitando que tengas que volver a iniciar sesi\u00f3n cada vez que visites una p\u00e1gina nueva. Se eliminan al cerrar la sesi\u00f3n para garantizar la seguridad de las \u00e1reas restringidas.<\/p>\n\n\n\n<h3 class=\"wp-block-heading\">Cookies del bolet\u00edn informativo<\/h3>\n\n\n\n<p>Si se suscribe a nuestro bolet\u00edn informativo o a nuestros servicios de correo electr\u00f3nico, es posible que se utilicen cookies para recordar el estado de su suscripci\u00f3n y mostrarle notificaciones relevantes.<\/p>\n\n\n\n<h3 class=\"wp-block-heading\">Cookies de procesamiento de pedidos<\/h3>\n\n\n\n<p>Si ofrecemos productos o servicios que requieren pago, las cookies son esenciales para garantizar que se recuerden los detalles de su pedido entre p\u00e1ginas y que las transacciones se puedan procesar correctamente.<\/p>\n\n\n\n<h3 class=\"wp-block-heading\">Cookies de encuesta<\/h3>\n\n\n\n<p>Ocasionalmente, podr\u00edamos realizar encuestas o cuestionarios. Es posible que utilicemos cookies para registrar la participaci\u00f3n o almacenar temporalmente las respuestas.<\/p>\n\n\n\n<h3 class=\"wp-block-heading\">Formulario de cookies<\/h3>\n\n\n\n<p>Cuando usted env\u00eda informaci\u00f3n a trav\u00e9s de formularios (como formularios de contacto o de comentarios), las cookies pueden almacenar sus datos para simplificar futuras interacciones.<\/p>\n\n\n\n<h3 class=\"wp-block-heading\">Cookies de preferencias del sitio<\/h3>\n\n\n\n<p>Estas cookies nos permiten recordar sus preferencias y configuraciones, brind\u00e1ndole una experiencia de navegaci\u00f3n m\u00e1s personalizada.<\/p>\n\n\n\n<hr class=\"wp-block-separator has-alpha-channel-opacity\" \/>\n\n\n\n<h2 class=\"wp-block-heading\">Cookies de terceros<\/h2>\n\n\n\n<p>En ciertos casos, utilizamos cookies proporcionadas por terceros de confianza.<\/p>\n\n\n\n<h3 class=\"wp-block-heading\">Google Analytics<\/h3>\n\n\n\n<p>Zavales utiliza Google Analytics, una de las herramientas de an\u00e1lisis web m\u00e1s utilizadas. Estas cookies nos ayudan a comprender c\u00f3mo los visitantes utilizan nuestro sitio (incluido el tiempo que pasan en las p\u00e1ginas, los patrones de navegaci\u00f3n y la interacci\u00f3n) para que podamos mejorar la experiencia del usuario.<\/p>\n\n\n\n<p>Para obtener m\u00e1s detalles, consulte la documentaci\u00f3n oficial de Google Analytics.<\/p>\n\n\n\n<h3 class=\"wp-block-heading\">Herramientas de an\u00e1lisis adicionales<\/h3>\n\n\n\n<p>Tambi\u00e9n podemos utilizar otros servicios de an\u00e1lisis de terceros para supervisar y medir el uso del sitio web, lo que nos ayuda a mejorar la calidad del contenido y el rendimiento general.<\/p>\n\n\n\n<h3 class=\"wp-block-heading\">Cookies de prueba de funcionalidades<\/h3>\n\n\n\n<p>Ocasionalmente, probamos nuevas funciones o realizamos ajustes en el dise\u00f1o del sitio web. Es posible que utilicemos cookies para garantizar una experiencia de usuario consistente y para evaluar qu\u00e9 mejoras son las m\u00e1s apreciadas.<\/p>\n\n\n\n<h3 class=\"wp-block-heading\">Cookies de comercio electr\u00f3nico<\/h3>\n\n\n\n<p>Si ofrecemos productos o servicios, estas cookies nos ayudan a analizar el comportamiento de compra y las m\u00e9tricas de rendimiento para mejorar nuestras ofertas y estrategias publicitarias.<\/p>\n\n\n\n<h3 class=\"wp-block-heading\">Cookies de redes sociales<\/h3>\n\n\n\n<p>Podemos incluir botones o complementos de redes sociales (como Facebook, Instagram, Twitter, Pinterest y otras). Estas plataformas pueden instalar cookies a trav\u00e9s de nuestro sitio web de acuerdo con sus propias pol\u00edticas de privacidad.<\/p>\n\n\n\n<hr class=\"wp-block-separator has-alpha-channel-opacity\" \/>\n\n\n\n<h2 class=\"wp-block-heading\">Opciones de publicidad y exclusi\u00f3n voluntaria<\/h2>\n\n\n\n<p>Utilizamos Google AdX y otros socios publicitarios para mostrar anuncios.<\/p>\n\n\n\n<p>Google y sus socios pueden utilizar cookies y tecnolog\u00edas similares para personalizar los anuncios en funci\u00f3n de los intereses del usuario y su comportamiento de navegaci\u00f3n.<\/p>\n\n\n\n<p>Puedes gestionar o desactivar los anuncios personalizados visitando:<\/p>\n\n\n\n<ul>\n<li><a href=\"https:\/\/myadcenter.google.com\/home?sasb=true&amp;ref=ad-settings\">Configuraci\u00f3n de anuncios de Google<\/a><\/li>\n\n\n\n<li><a href=\"https:\/\/myadcenter.google.com\/home\">Centro de anuncios de Google My<\/a><\/li>\n<\/ul>\n\n\n\n<p>Puedes optar por no recibir publicidad personalizada en cualquier momento utilizando estas herramientas.<\/p>\n\n\n\n<hr class=\"wp-block-separator has-alpha-channel-opacity\" \/>\n\n\n\n<h2 class=\"wp-block-heading\">Informaci\u00f3n final<\/h2>\n\n\n\n<p>Esperamos que esta pol\u00edtica haya aclarado c\u00f3mo gestionamos la privacidad y las cookies. Si no est\u00e1 seguro de si necesita ciertas cookies, generalmente se recomienda dejarlas habilitadas para evitar interrupciones en las funciones esenciales del sitio web.<\/p>\n\n\n\n<p>Esta pol\u00edtica entra en vigor a partir de <strong>Noviembre de 2025<\/strong>.<\/p>","protected":false},"excerpt":{"rendered":"<p>Your privacy is important to us. It is the policy of Zavales to respect and protect any personal information we may collect from you through our website, Zavales, as well as other websites and platforms we own and operate. We only request personal information when it is genuinely necessary to provide a service to you. [&hellip;]<\/p>","protected":false},"author":267,"featured_media":0,"parent":0,"menu_order":0,"comment_status":"closed","ping_status":"closed","template":"","meta":{"footnotes":""},"_links":{"self":[{"href":"https:\/\/zavales.com\/es\/wp-json\/wp\/v2\/pages\/7"}],"collection":[{"href":"https:\/\/zavales.com\/es\/wp-json\/wp\/v2\/pages"}],"about":[{"href":"https:\/\/zavales.com\/es\/wp-json\/wp\/v2\/types\/page"}],"author":[{"embeddable":true,"href":"https:\/\/zavales.com\/es\/wp-json\/wp\/v2\/users\/267"}],"replies":[{"embeddable":true,"href":"https:\/\/zavales.com\/es\/wp-json\/wp\/v2\/comments?post=7"}],"version-history":[{"count":2,"href":"https:\/\/zavales.com\/es\/wp-json\/wp\/v2\/pages\/7\/revisions"}],"predecessor-version":[{"id":453,"href":"https:\/\/zavales.com\/es\/wp-json\/wp\/v2\/pages\/7\/revisions\/453"}],"wp:attachment":[{"href":"https:\/\/zavales.com\/es\/wp-json\/wp\/v2\/media?parent=7"}],"curies":[{"name":"wp","href":"https:\/\/api.w.org\/{rel}","templated":true}]}}