    {"id":9,"date":"2026-02-06T18:24:32","date_gmt":"2026-02-06T18:24:32","guid":{"rendered":"https:\/\/zavales.com\/?page_id=9"},"modified":"2026-02-11T18:58:39","modified_gmt":"2026-02-11T18:58:39","slug":"terms-of-use","status":"publish","type":"page","link":"https:\/\/zavales.com\/es\/terms-of-use\/","title":{"rendered":"Condiciones de uso"},"content":{"rendered":"<p>Al acceder y utilizar el sitio web <strong>Zavales<\/strong>, usted acepta cumplir con estos T\u00e9rminos de Servicio, as\u00ed como con todas las leyes y regulaciones aplicables. <\/p>\n\n\n\n<p>Usted reconoce su responsabilidad de garantizar el cumplimiento de las leyes pertinentes de Estados Unidos. Si no est\u00e1 de acuerdo con alguna parte de estos t\u00e9rminos, no debe acceder ni utilizar este sitio web. <\/p>\n\n\n\n<p>Todo el contenido y los materiales disponibles en este sitio est\u00e1n protegidos por las leyes de derechos de autor y marcas registradas aplicables.<\/p>\n\n\n\n<hr class=\"wp-block-separator has-alpha-channel-opacity\" \/>\n\n\n\n<h2 class=\"wp-block-heading\">1. Licencia de uso<\/h2>\n\n\n\n<p>Zavales le otorga una licencia limitada, no exclusiva e intransferible para descargar temporalmente una copia de los materiales (incluida informaci\u00f3n o software) del sitio web \u00fanicamente para visualizaci\u00f3n personal, no comercial y temporal. <\/p>\n\n\n\n<p>Esta licencia no transfiere derechos de propiedad.<\/p>\n\n\n\n<p>Bajo esta licencia, usted no podr\u00e1:<\/p>\n\n\n\n<ul>\n<li>Modificar, reproducir o duplicar los materiales;<\/li>\n\n\n\n<li>Utilizar los materiales con fines comerciales o para cualquier exhibici\u00f3n p\u00fablica (comercial o no comercial);<\/li>\n\n\n\n<li>Intentar descompilar, realizar ingenier\u00eda inversa o extraer de otro modo el c\u00f3digo fuente de cualquier software del sitio web;<\/li>\n\n\n\n<li>Eliminar cualquier aviso de derechos de autor, marca registrada o propiedad de los materiales;<\/li>\n\n\n\n<li>Transferir los materiales a otra persona o replicarlos (\u201cduplicarlos\u201d) en otro servidor.<\/li>\n<\/ul>\n\n\n\n<p>Esta licencia terminar\u00e1 autom\u00e1ticamente si usted viola cualquiera de estas restricciones y Zavales podr\u00e1 revocarla en cualquier momento. <\/p>\n\n\n\n<p>Al finalizar, deber\u00e1 eliminar o destruir de forma permanente cualquier material descargado que se encuentre en su posesi\u00f3n, ya sea en formato digital o impreso.<\/p>\n\n\n\n<hr class=\"wp-block-separator has-alpha-channel-opacity\" \/>\n\n\n\n<h2 class=\"wp-block-heading\">2. Descargo de responsabilidad<\/h2>\n\n\n\n<p>Todos los materiales proporcionados en Zavales se ofrecen \u201ctal cual\u201d y \u201cseg\u00fan disponibilidad\u201d. <\/p>\n\n\n\n<p>Zavales no ofrece garant\u00edas expresas ni impl\u00edcitas y renuncia a todas las garant\u00edas, incluidas, entre otras, las garant\u00edas impl\u00edcitas de comerciabilidad, idoneidad para un prop\u00f3sito particular o no infracci\u00f3n de la propiedad intelectual u otros derechos.<\/p>\n\n\n\n<p>Adem\u00e1s, Zavales no garantiza la exactitud, los resultados esperados o la confiabilidad de ning\u00fan material en el sitio web o en cualquier sitio externo vinculado a \u00e9l.<\/p>\n\n\n\n<hr class=\"wp-block-separator has-alpha-channel-opacity\" \/>\n\n\n\n<h2 class=\"wp-block-heading\">3. Limitaci\u00f3n de responsabilidad<\/h2>\n\n\n\n<p>Bajo ninguna circunstancia, Zavales ni sus proveedores ser\u00e1n responsables de ning\u00fan da\u00f1o derivado del uso o la imposibilidad de usar los materiales de este sitio web. Esto incluye, entre otros, da\u00f1os por p\u00e9rdida de datos, lucro cesante o interrupci\u00f3n del negocio, incluso si Zavales o un representante autorizado hubieran sido informados de la posibilidad de dichos da\u00f1os.<\/p>\n\n\n\n<p>Algunas jurisdicciones no permiten limitaciones a las garant\u00edas impl\u00edcitas ni a la responsabilidad por da\u00f1os incidentales o consecuentes. En tales casos, es posible que ciertas limitaciones descritas anteriormente no le sean aplicables.<\/p>\n\n\n\n<hr class=\"wp-block-separator has-alpha-channel-opacity\" \/>\n\n\n\n<h2 class=\"wp-block-heading\">4. Exactitud de la informaci\u00f3n<\/h2>\n\n\n\n<p>El contenido que aparece en Zavales puede contener imprecisiones t\u00e9cnicas, tipogr\u00e1ficas o visuales. Zavales no garantiza que los materiales del sitio web sean precisos, completos ni est\u00e9n actualizados. Nos reservamos el derecho de modificar el contenido del sitio web en cualquier momento sin previo aviso; sin embargo, no estamos obligados a actualizar la informaci\u00f3n.<\/p>\n\n\n\n<hr class=\"wp-block-separator has-alpha-channel-opacity\" \/>\n\n\n\n<h2 class=\"wp-block-heading\">5. Enlaces externos<\/h2>\n\n\n\n<p>Zavales puede contener enlaces a sitios web de terceros. No hemos revisado todos los sitios externos enlazados a nuestra plataforma y no nos responsabilizamos de su contenido, pol\u00edticas ni pr\u00e1cticas. La inclusi\u00f3n de cualquier enlace no implica su aprobaci\u00f3n. Acceder a sitios web de terceros es bajo su propia responsabilidad.<\/p>\n\n\n\n<hr class=\"wp-block-separator has-alpha-channel-opacity\" \/>\n\n\n\n<h2 class=\"wp-block-heading\">6. Revisiones de estos T\u00e9rminos<\/h2>\n\n\n\n<p>Zavales se reserva el derecho de modificar o actualizar estos T\u00e9rminos de Servicio en cualquier momento sin previo aviso. Al continuar utilizando el sitio web, usted acepta estar sujeto a la versi\u00f3n m\u00e1s reciente de estos t\u00e9rminos.<\/p>\n\n\n\n<hr class=\"wp-block-separator has-alpha-channel-opacity\" \/>\n\n\n\n<h2 class=\"wp-block-heading\">7. Ley aplicable<\/h2>\n\n\n\n<p>Estos T\u00e9rminos de Servicio se rigen e interpretan de conformidad con las leyes aplicables de Estados Unidos. Al utilizar este sitio web, usted acepta someterse a la jurisdicci\u00f3n exclusiva de los tribunales competentes de Estados Unidos para la resoluci\u00f3n de cualquier disputa.<\/p>","protected":false},"excerpt":{"rendered":"<p>By accessing and using the website Zavales, you agree to comply with these Terms of Service, as well as all applicable laws and regulations. You acknowledge that you are responsible for ensuring compliance with any relevant laws of the United States. If you do not agree with any part of these terms, you must not [&hellip;]<\/p>","protected":false},"author":267,"featured_media":0,"parent":0,"menu_order":0,"comment_status":"closed","ping_status":"closed","template":"","meta":{"footnotes":""},"_links":{"self":[{"href":"https:\/\/zavales.com\/es\/wp-json\/wp\/v2\/pages\/9"}],"collection":[{"href":"https:\/\/zavales.com\/es\/wp-json\/wp\/v2\/pages"}],"about":[{"href":"https:\/\/zavales.com\/es\/wp-json\/wp\/v2\/types\/page"}],"author":[{"embeddable":true,"href":"https:\/\/zavales.com\/es\/wp-json\/wp\/v2\/users\/267"}],"replies":[{"embeddable":true,"href":"https:\/\/zavales.com\/es\/wp-json\/wp\/v2\/comments?post=9"}],"version-history":[{"count":2,"href":"https:\/\/zavales.com\/es\/wp-json\/wp\/v2\/pages\/9\/revisions"}],"predecessor-version":[{"id":454,"href":"https:\/\/zavales.com\/es\/wp-json\/wp\/v2\/pages\/9\/revisions\/454"}],"wp:attachment":[{"href":"https:\/\/zavales.com\/es\/wp-json\/wp\/v2\/media?parent=9"}],"curies":[{"name":"wp","href":"https:\/\/api.w.org\/{rel}","templated":true}]}}