    {"id":10,"date":"2026-02-06T18:25:53","date_gmt":"2026-02-06T18:25:53","guid":{"rendered":"https:\/\/zavales.com\/?page_id=10"},"modified":"2026-02-11T18:45:53","modified_gmt":"2026-02-11T18:45:53","slug":"contact-us","status":"publish","type":"page","link":"https:\/\/zavales.com\/fr\/contact-us\/","title":{"rendered":"Contactez-nous"},"content":{"rendered":"<p>Nous sommes toujours pr\u00eats \u00e0 avoir de vos nouvelles !<br>\u00c0 <strong>Zavales<\/strong>Nous attachons une grande importance \u00e0 une communication ouverte, respectueuse et transparente avec nos lecteurs, partenaires et visiteurs. <\/p>\n\n\n\n<p>Vos opinions sont importantes pour nous et chaque message nous aide \u00e0 nous am\u00e9liorer et \u00e0 continuer de fournir un contenu de haute qualit\u00e9 sur les applications, les technologies, les divertissements et les services num\u00e9riques.<\/p>\n\n\n\n<p>Pour toute question, suggestion, remarque, proposition de collaboration ou simplement pour nous contacter, n&#039;h\u00e9sitez pas \u00e0 nous \u00e9crire par courriel. <strong>contato@zavales.com<\/strong>.<\/p>\n\n\n\n<p>Nous r\u00e9pondons aussi rapidement que possible et appr\u00e9cions chaque message que nous recevons.<\/p>\n\n\n\n<p>Merci de nous suivre <strong>Zavales<\/strong>!<\/p>","protected":false},"excerpt":{"rendered":"<p>Nous sommes toujours \u00e0 votre \u00e9coute ! Chez Zavales, nous privil\u00e9gions une communication ouverte, respectueuse et transparente avec nos lecteurs, partenaires et visiteurs. Vos opinions sont importantes pour nous et chaque message nous aide \u00e0 am\u00e9liorer nos contenus et \u00e0 continuer de vous proposer des contenus de qualit\u00e9 sur les applications, la technologie, le divertissement et les services num\u00e9riques. Pour toute question, suggestion, commentaire ou proposition de collaboration, n&#039;h\u00e9sitez pas \u00e0 nous contacter.<\/p>","protected":false},"author":267,"featured_media":0,"parent":0,"menu_order":0,"comment_status":"closed","ping_status":"closed","template":"","meta":{"footnotes":""},"_links":{"self":[{"href":"https:\/\/zavales.com\/fr\/wp-json\/wp\/v2\/pages\/10"}],"collection":[{"href":"https:\/\/zavales.com\/fr\/wp-json\/wp\/v2\/pages"}],"about":[{"href":"https:\/\/zavales.com\/fr\/wp-json\/wp\/v2\/types\/page"}],"author":[{"embeddable":true,"href":"https:\/\/zavales.com\/fr\/wp-json\/wp\/v2\/users\/267"}],"replies":[{"embeddable":true,"href":"https:\/\/zavales.com\/fr\/wp-json\/wp\/v2\/comments?post=10"}],"version-history":[{"count":3,"href":"https:\/\/zavales.com\/fr\/wp-json\/wp\/v2\/pages\/10\/revisions"}],"predecessor-version":[{"id":449,"href":"https:\/\/zavales.com\/fr\/wp-json\/wp\/v2\/pages\/10\/revisions\/449"}],"wp:attachment":[{"href":"https:\/\/zavales.com\/fr\/wp-json\/wp\/v2\/media?parent=10"}],"curies":[{"name":"wp","href":"https:\/\/api.w.org\/{rel}","templated":true}]}}