    {"id":7,"date":"2026-02-06T18:25:24","date_gmt":"2026-02-06T18:25:24","guid":{"rendered":"https:\/\/zavales.com\/?page_id=7"},"modified":"2026-02-11T18:56:00","modified_gmt":"2026-02-11T18:56:00","slug":"privacy-policy","status":"publish","type":"page","link":"https:\/\/zavales.com\/fr\/privacy-policy\/","title":{"rendered":"politique de confidentialit\u00e9"},"content":{"rendered":"<p>Le respect de votre vie priv\u00e9e est important pour nous. C&#039;est la politique de <strong>Zavales<\/strong> respecter et prot\u00e9ger toutes les informations personnelles que nous pourrions recueillir aupr\u00e8s de vous par le biais de notre site web, Zavales, ainsi que d&#039;autres sites web et plateformes que nous poss\u00e9dons et exploitons.<\/p>\n\n\n\n<p>Nous ne demandons des renseignements personnels que lorsque cela est strictement n\u00e9cessaire pour vous fournir un service. Toutes les donn\u00e9es sont collect\u00e9es de mani\u00e8re licite et transparente, avec votre consentement explicite. Nous vous expliquons clairement pourquoi nous recueillons ces informations et comment elles seront utilis\u00e9es.<\/p>\n\n\n\n<p>Nous conservons les informations collect\u00e9es uniquement pendant la dur\u00e9e n\u00e9cessaire \u00e0 la r\u00e9alisation des finalit\u00e9s pour lesquelles elles ont \u00e9t\u00e9 recueillies. Les donn\u00e9es que nous stockons sont prot\u00e9g\u00e9es par des mesures de s\u00e9curit\u00e9 commercialement raisonnables afin de pr\u00e9venir toute perte, vol, acc\u00e8s non autoris\u00e9, divulgation, alt\u00e9ration ou utilisation abusive.<\/p>\n\n\n\n<p>Nous ne partageons pas publiquement d&#039;informations personnelles identifiables et nous ne les divulguons pas \u00e0 des tiers, sauf lorsque la loi l&#039;exige.<\/p>\n\n\n\n<p>Notre site web peut contenir des liens vers des sites externes non g\u00e9r\u00e9s par Zavales. Veuillez noter que nous n&#039;exer\u00e7ons aucun contr\u00f4le sur le contenu ni sur les pratiques de confidentialit\u00e9 de ces sites et que nous d\u00e9clinons toute responsabilit\u00e9 quant \u00e0 leurs politiques respectives.<\/p>\n\n\n\n<p>Vous \u00eates libre de refuser de fournir des renseignements personnels, \u00e9tant entendu que cela pourrait limiter l&#039;acc\u00e8s \u00e0 certains services.<\/p>\n\n\n\n<p>En continuant \u00e0 utiliser notre site web, vous reconnaissez et acceptez nos pratiques en mati\u00e8re de confidentialit\u00e9 des donn\u00e9es personnelles. Si vous avez des questions sur la mani\u00e8re dont nous traitons les informations des utilisateurs, n&#039;h\u00e9sitez pas \u00e0 nous contacter.<\/p>\n\n\n\n<hr class=\"wp-block-separator has-alpha-channel-opacity\" \/>\n\n\n\n<h1 class=\"wp-block-heading\">Politique de cookies pour Zavales<\/h1>\n\n\n\n<p>Voici la politique relative aux cookies pour <strong>Zavales<\/strong>, accessible via notre site web officiel.<\/p>\n\n\n\n<h2 class=\"wp-block-heading\">Que sont les cookies ?<\/h2>\n\n\n\n<p>Comme la plupart des sites web professionnels, nous utilisons des cookies (petits fichiers texte enregistr\u00e9s sur votre appareil) afin d&#039;am\u00e9liorer votre exp\u00e9rience de navigation. Cette section explique quelles informations les cookies collectent, comment nous les utilisons et pourquoi ils sont parfois n\u00e9cessaires. Nous expliquons \u00e9galement comment d\u00e9sactiver les cookies, en pr\u00e9cisant que cela peut affecter certaines fonctionnalit\u00e9s du site.<\/p>\n\n\n\n<h2 class=\"wp-block-heading\">Comment nous utilisons les cookies<\/h2>\n\n\n\n<p>Nous utilisons des cookies \u00e0 diverses fins d\u00e9crites ci-dessous. Dans de nombreux cas, il n&#039;existe pas d&#039;option standard pour d\u00e9sactiver les cookies sans affecter les fonctionnalit\u00e9s qu&#039;ils offrent. C&#039;est pourquoi nous vous recommandons de les laisser activ\u00e9s, sauf si vous \u00eates certain de ne pas en avoir besoin.<\/p>\n\n\n\n<h2 class=\"wp-block-heading\">D\u00e9sactivation des cookies<\/h2>\n\n\n\n<p>Vous pouvez emp\u00eacher l&#039;installation de cookies en modifiant les param\u00e8tres de votre navigateur (consultez la section Aide de votre navigateur pour obtenir des instructions). Veuillez noter que la d\u00e9sactivation des cookies peut affecter le fonctionnement de ce site web et d&#039;autres sites que vous visitez. Dans de nombreux cas, la d\u00e9sactivation des cookies entra\u00eene la perte de certaines fonctionnalit\u00e9s.<\/p>\n\n\n\n<hr class=\"wp-block-separator has-alpha-channel-opacity\" \/>\n\n\n\n<h2 class=\"wp-block-heading\">Types de cookies que nous utilisons<\/h2>\n\n\n\n<h3 class=\"wp-block-heading\">Cookies li\u00e9s au compte<\/h3>\n\n\n\n<p>Si vous cr\u00e9ez un compte chez Zavales, nous utilisons des cookies pour g\u00e9rer le processus d&#039;inscription et l&#039;administration g\u00e9n\u00e9rale. Ces cookies sont g\u00e9n\u00e9ralement supprim\u00e9s lorsque vous vous d\u00e9connectez, mais dans certains cas, ils peuvent \u00eatre conserv\u00e9s pour m\u00e9moriser vos pr\u00e9f\u00e9rences.<\/p>\n\n\n\n<h3 class=\"wp-block-heading\">Cookies de connexion<\/h3>\n\n\n\n<p>Ces cookies nous permettent de vous reconna\u00eetre lorsque vous \u00eates connect\u00e9(e), vous \u00e9vitant ainsi de devoir vous reconnecter \u00e0 chaque nouvelle page. Ils sont supprim\u00e9s lors de votre d\u00e9connexion afin de garantir la s\u00e9curit\u00e9 des zones restreintes.<\/p>\n\n\n\n<h3 class=\"wp-block-heading\">Cookies de la newsletter<\/h3>\n\n\n\n<p>Si vous vous abonnez \u00e0 notre newsletter ou \u00e0 nos services de messagerie, des cookies peuvent \u00eatre utilis\u00e9s pour m\u00e9moriser votre statut d&#039;abonnement et afficher des notifications pertinentes.<\/p>\n\n\n\n<h3 class=\"wp-block-heading\">Cookies de traitement des commandes<\/h3>\n\n\n\n<p>Si nous proposons des produits ou des services n\u00e9cessitant un paiement, les cookies sont essentiels pour garantir la m\u00e9morisation des d\u00e9tails de votre commande entre les pages afin que les transactions puissent \u00eatre trait\u00e9es correctement.<\/p>\n\n\n\n<h3 class=\"wp-block-heading\">Cookies d&#039;enqu\u00eate<\/h3>\n\n\n\n<p>Nous pouvons \u00eatre amen\u00e9s \u00e0 vous soumettre des sondages ou des questionnaires. Des cookies peuvent \u00eatre utilis\u00e9s pour suivre votre participation ou stocker temporairement vos r\u00e9ponses.<\/p>\n\n\n\n<h3 class=\"wp-block-heading\">Cookies de formulaire<\/h3>\n\n\n\n<p>Lorsque vous soumettez des informations via des formulaires (tels que des formulaires de contact ou de commentaires), des cookies peuvent stocker vos donn\u00e9es afin de simplifier les interactions futures.<\/p>\n\n\n\n<h3 class=\"wp-block-heading\">Cookies de pr\u00e9f\u00e9rences du site<\/h3>\n\n\n\n<p>Ces cookies nous permettent de m\u00e9moriser vos pr\u00e9f\u00e9rences et param\u00e8tres, vous offrant ainsi une exp\u00e9rience de navigation plus personnalis\u00e9e.<\/p>\n\n\n\n<hr class=\"wp-block-separator has-alpha-channel-opacity\" \/>\n\n\n\n<h2 class=\"wp-block-heading\">Cookies tiers<\/h2>\n\n\n\n<p>Dans certains cas, nous utilisons des cookies fournis par des tiers de confiance.<\/p>\n\n\n\n<h3 class=\"wp-block-heading\">Google Analytics<\/h3>\n\n\n\n<p>Zavales utilise Google Analytics, l&#039;un des outils d&#039;analyse web les plus r\u00e9pandus. Ces cookies nous permettent de comprendre comment les visiteurs utilisent notre site (temps pass\u00e9 sur les pages, parcours de navigation et engagement) afin d&#039;am\u00e9liorer l&#039;exp\u00e9rience utilisateur.<\/p>\n\n\n\n<p>Pour plus de d\u00e9tails, veuillez consulter la documentation officielle de Google Analytics.<\/p>\n\n\n\n<h3 class=\"wp-block-heading\">Outils d&#039;analyse suppl\u00e9mentaires<\/h3>\n\n\n\n<p>Nous pouvons \u00e9galement utiliser d&#039;autres services d&#039;analyse tiers pour surveiller et mesurer l&#039;utilisation du site web, ce qui nous aide \u00e0 am\u00e9liorer la qualit\u00e9 du contenu et les performances globales.<\/p>\n\n\n\n<h3 class=\"wp-block-heading\">Cookies de test de fonctionnalit\u00e9s<\/h3>\n\n\n\n<p>Nous testons parfois de nouvelles fonctionnalit\u00e9s ou modifions la mise en page du site web. Des cookies peuvent \u00eatre utilis\u00e9s pour garantir une exp\u00e9rience utilisateur coh\u00e9rente et \u00e9valuer quelles am\u00e9liorations sont les plus appr\u00e9ci\u00e9es.<\/p>\n\n\n\n<h3 class=\"wp-block-heading\">Cookies de commerce \u00e9lectronique<\/h3>\n\n\n\n<p>Si nous proposons des produits ou des services, ces cookies nous aident \u00e0 analyser le comportement d&#039;achat et les indicateurs de performance afin d&#039;am\u00e9liorer nos offres et nos strat\u00e9gies publicitaires.<\/p>\n\n\n\n<h3 class=\"wp-block-heading\">Cookies des r\u00e9seaux sociaux<\/h3>\n\n\n\n<p>Nous pouvons inclure des boutons ou des plugins de r\u00e9seaux sociaux (tels que Facebook, Instagram, Twitter, Pinterest, etc.). Ces plateformes peuvent d\u00e9poser des cookies via notre site web conform\u00e9ment \u00e0 leurs propres politiques de confidentialit\u00e9.<\/p>\n\n\n\n<hr class=\"wp-block-separator has-alpha-channel-opacity\" \/>\n\n\n\n<h2 class=\"wp-block-heading\">Publicit\u00e9 et options de d\u00e9sabonnement<\/h2>\n\n\n\n<p>Nous utilisons Google AdX et d&#039;autres partenaires publicitaires pour afficher des annonces.<\/p>\n\n\n\n<p>Google et ses partenaires peuvent utiliser des cookies et des technologies similaires pour personnaliser les publicit\u00e9s en fonction des centres d&#039;int\u00e9r\u00eat et du comportement de navigation des utilisateurs.<\/p>\n\n\n\n<p>Vous pouvez g\u00e9rer ou d\u00e9sactiver les annonces personnalis\u00e9es en visitant\u00a0:<\/p>\n\n\n\n<ul>\n<li><a href=\"https:\/\/myadcenter.google.com\/home?sasb=true&amp;ref=ad-settings\">Param\u00e8tres des annonces Google<\/a><\/li>\n\n\n\n<li><a href=\"https:\/\/myadcenter.google.com\/home\">Centre publicitaire Google<\/a><\/li>\n<\/ul>\n\n\n\n<p>Vous pouvez d\u00e9sactiver la publicit\u00e9 personnalis\u00e9e \u00e0 tout moment en utilisant ces outils.<\/p>\n\n\n\n<hr class=\"wp-block-separator has-alpha-channel-opacity\" \/>\n\n\n\n<h2 class=\"wp-block-heading\">Informations finales<\/h2>\n\n\n\n<p>Nous esp\u00e9rons que cette politique a clarifi\u00e9 notre approche en mati\u00e8re de confidentialit\u00e9 et de cookies. En cas de doute sur la n\u00e9cessit\u00e9 de certains cookies, il est g\u00e9n\u00e9ralement recommand\u00e9 de les laisser activ\u00e9s afin de ne pas perturber le fonctionnement essentiel du site web.<\/p>\n\n\n\n<p>Cette politique entre en vigueur \u00e0 compter du <strong>Novembre 2025<\/strong>.<\/p>","protected":false},"excerpt":{"rendered":"<p>Your privacy is important to us. It is the policy of Zavales to respect and protect any personal information we may collect from you through our website, Zavales, as well as other websites and platforms we own and operate. We only request personal information when it is genuinely necessary to provide a service to you. [&hellip;]<\/p>","protected":false},"author":267,"featured_media":0,"parent":0,"menu_order":0,"comment_status":"closed","ping_status":"closed","template":"","meta":{"footnotes":""},"_links":{"self":[{"href":"https:\/\/zavales.com\/fr\/wp-json\/wp\/v2\/pages\/7"}],"collection":[{"href":"https:\/\/zavales.com\/fr\/wp-json\/wp\/v2\/pages"}],"about":[{"href":"https:\/\/zavales.com\/fr\/wp-json\/wp\/v2\/types\/page"}],"author":[{"embeddable":true,"href":"https:\/\/zavales.com\/fr\/wp-json\/wp\/v2\/users\/267"}],"replies":[{"embeddable":true,"href":"https:\/\/zavales.com\/fr\/wp-json\/wp\/v2\/comments?post=7"}],"version-history":[{"count":2,"href":"https:\/\/zavales.com\/fr\/wp-json\/wp\/v2\/pages\/7\/revisions"}],"predecessor-version":[{"id":453,"href":"https:\/\/zavales.com\/fr\/wp-json\/wp\/v2\/pages\/7\/revisions\/453"}],"wp:attachment":[{"href":"https:\/\/zavales.com\/fr\/wp-json\/wp\/v2\/media?parent=7"}],"curies":[{"name":"wp","href":"https:\/\/api.w.org\/{rel}","templated":true}]}}