    {"id":10,"date":"2026-02-06T18:25:53","date_gmt":"2026-02-06T18:25:53","guid":{"rendered":"https:\/\/zavales.com\/?page_id=10"},"modified":"2026-02-11T18:45:53","modified_gmt":"2026-02-11T18:45:53","slug":"contact-us","status":"publish","type":"page","link":"https:\/\/zavales.com\/pt\/contact-us\/","title":{"rendered":"Contate-nos"},"content":{"rendered":"<p>Estamos sempre prontos para ouvir voc\u00ea!<br>No <strong>Zavales<\/strong>Valorizamos a comunica\u00e7\u00e3o aberta, respeitosa e transparente com nossos leitores, parceiros e visitantes. <\/p>\n\n\n\n<p>Suas opini\u00f5es s\u00e3o importantes para n\u00f3s e cada mensagem nos ajuda a melhorar e continuar oferecendo conte\u00fado de alta qualidade em aplicativos, tecnologia, entretenimento e utilit\u00e1rios digitais.<\/p>\n\n\n\n<p>Se voc\u00ea tiver alguma d\u00favida, sugest\u00e3o, feedback, proposta de colabora\u00e7\u00e3o ou simplesmente quiser entrar em contato, sinta-se \u00e0 vontade para nos enviar um e-mail. <strong>contato@zavales.com<\/strong>.<\/p>\n\n\n\n<p>Respondemos o mais r\u00e1pido poss\u00edvel e agradecemos cada mensagem que recebemos.<\/p>\n\n\n\n<p>Obrigado por seguir <strong>Zavales<\/strong>!<\/p>","protected":false},"excerpt":{"rendered":"<p>We are always ready to hear from you!At Zavales, we value open, respectful and transparent communication with our readers, partners and visitors. Your opinions are important to us and every message helps us improve and continue providing high-quality content across apps, technology, entertainment and digital utilities. If you have any questions, suggestions, feedback, collaboration proposals [&hellip;]<\/p>","protected":false},"author":267,"featured_media":0,"parent":0,"menu_order":0,"comment_status":"closed","ping_status":"closed","template":"","meta":{"footnotes":""},"_links":{"self":[{"href":"https:\/\/zavales.com\/pt\/wp-json\/wp\/v2\/pages\/10"}],"collection":[{"href":"https:\/\/zavales.com\/pt\/wp-json\/wp\/v2\/pages"}],"about":[{"href":"https:\/\/zavales.com\/pt\/wp-json\/wp\/v2\/types\/page"}],"author":[{"embeddable":true,"href":"https:\/\/zavales.com\/pt\/wp-json\/wp\/v2\/users\/267"}],"replies":[{"embeddable":true,"href":"https:\/\/zavales.com\/pt\/wp-json\/wp\/v2\/comments?post=10"}],"version-history":[{"count":3,"href":"https:\/\/zavales.com\/pt\/wp-json\/wp\/v2\/pages\/10\/revisions"}],"predecessor-version":[{"id":449,"href":"https:\/\/zavales.com\/pt\/wp-json\/wp\/v2\/pages\/10\/revisions\/449"}],"wp:attachment":[{"href":"https:\/\/zavales.com\/pt\/wp-json\/wp\/v2\/media?parent=10"}],"curies":[{"name":"wp","href":"https:\/\/api.w.org\/{rel}","templated":true}]}}