    {"id":7,"date":"2026-02-06T18:25:24","date_gmt":"2026-02-06T18:25:24","guid":{"rendered":"https:\/\/zavales.com\/?page_id=7"},"modified":"2026-02-11T18:56:00","modified_gmt":"2026-02-11T18:56:00","slug":"privacy-policy","status":"publish","type":"page","link":"https:\/\/zavales.com\/pt\/privacy-policy\/","title":{"rendered":"pol\u00edtica de Privacidade"},"content":{"rendered":"<p>Sua privacidade \u00e9 importante para n\u00f3s. Esta \u00e9 a pol\u00edtica da empresa. <strong>Zavales<\/strong> Respeitar e proteger quaisquer informa\u00e7\u00f5es pessoais que possamos coletar de voc\u00ea por meio do nosso site, Zavales, bem como de outros sites e plataformas que possu\u00edmos e operamos.<\/p>\n\n\n\n<p>Solicitamos informa\u00e7\u00f5es pessoais apenas quando estritamente necess\u00e1rio para lhe prestar um servi\u00e7o. Todos os dados s\u00e3o coletados por meios legais e transparentes, com seu conhecimento e consentimento. Explicamos claramente o motivo da coleta das informa\u00e7\u00f5es e como elas ser\u00e3o utilizadas.<\/p>\n\n\n\n<p>Conservamos as informa\u00e7\u00f5es coletadas apenas pelo tempo necess\u00e1rio para cumprir as finalidades para as quais foram recolhidas. Os dados que armazenamos s\u00e3o protegidos por meio de medidas de seguran\u00e7a comercialmente razo\u00e1veis para evitar perda, roubo, acesso n\u00e3o autorizado, divulga\u00e7\u00e3o, altera\u00e7\u00e3o ou uso indevido.<\/p>\n\n\n\n<p>N\u00e3o compartilhamos publicamente informa\u00e7\u00f5es de identifica\u00e7\u00e3o pessoal nem as divulgamos a terceiros, exceto quando exigido por lei.<\/p>\n\n\n\n<p>Nosso site pode conter links para sites externos que n\u00e3o s\u00e3o operados pela Zavales. Observe que n\u00e3o temos controle sobre o conte\u00fado ou as pr\u00e1ticas de privacidade desses sites e n\u00e3o podemos nos responsabilizar por suas respectivas pol\u00edticas.<\/p>\n\n\n\n<p>Voc\u00ea tem a liberdade de recusar o fornecimento de informa\u00e7\u00f5es pessoais, ciente de que isso pode limitar o acesso a determinados servi\u00e7os.<\/p>\n\n\n\n<p>Ao continuar a utilizar o nosso website, voc\u00ea reconhece e aceita as nossas pr\u00e1ticas de privacidade relativas a dados pessoais. Se tiver alguma d\u00favida sobre como tratamos as informa\u00e7\u00f5es dos utilizadores, n\u00e3o hesite em contactar-nos a qualquer momento.<\/p>\n\n\n\n<hr class=\"wp-block-separator has-alpha-channel-opacity\" \/>\n\n\n\n<h1 class=\"wp-block-heading\">Pol\u00edtica de Cookies da Zavales<\/h1>\n\n\n\n<p>Esta \u00e9 a Pol\u00edtica de Cookies para <strong>Zavales<\/strong>, acess\u00edvel atrav\u00e9s do nosso site oficial.<\/p>\n\n\n\n<h2 class=\"wp-block-heading\">O que s\u00e3o cookies?<\/h2>\n\n\n\n<p>Como a maioria dos sites profissionais, usamos cookies \u2014 pequenos arquivos de texto armazenados no seu dispositivo \u2014 para melhorar sua experi\u00eancia de navega\u00e7\u00e3o. Esta se\u00e7\u00e3o explica quais informa\u00e7\u00f5es os cookies coletam, como as utilizamos e por que, \u00e0s vezes, s\u00e3o necess\u00e1rios. Tamb\u00e9m explicamos como voc\u00ea pode desativar os cookies, observando que isso pode afetar algumas funcionalidades do site.<\/p>\n\n\n\n<h2 class=\"wp-block-heading\">Como usamos cookies<\/h2>\n\n\n\n<p>Utilizamos cookies para diversas finalidades, descritas abaixo. Em muitos casos, n\u00e3o existem op\u00e7\u00f5es padr\u00e3o para desativar os cookies sem afetar os recursos e funcionalidades que eles oferecem. Por esse motivo, recomendamos manter os cookies ativados, a menos que voc\u00ea tenha certeza de que n\u00e3o precisa deles.<\/p>\n\n\n\n<h2 class=\"wp-block-heading\">Desativar cookies<\/h2>\n\n\n\n<p>Voc\u00ea pode impedir a configura\u00e7\u00e3o de cookies ajustando as configura\u00e7\u00f5es do seu navegador (consulte a se\u00e7\u00e3o de Ajuda do seu navegador para obter instru\u00e7\u00f5es). Observe que desativar os cookies pode afetar a funcionalidade deste e de outros sites que voc\u00ea visita. Em muitos casos, desativar os cookies resulta na perda de certos recursos.<\/p>\n\n\n\n<hr class=\"wp-block-separator has-alpha-channel-opacity\" \/>\n\n\n\n<h2 class=\"wp-block-heading\">Tipos de cookies que utilizamos<\/h2>\n\n\n\n<h3 class=\"wp-block-heading\">Cookies relacionados \u00e0 conta<\/h3>\n\n\n\n<p>Ao criar uma conta na Zavales, utilizamos cookies para gerenciar o processo de registro e a administra\u00e7\u00e3o geral. Esses cookies geralmente s\u00e3o removidos ao sair da sua conta, embora em alguns casos possam permanecer para lembrar suas prefer\u00eancias.<\/p>\n\n\n\n<h3 class=\"wp-block-heading\">Cookies de login<\/h3>\n\n\n\n<p>Esses cookies nos permitem reconhecer quando voc\u00ea est\u00e1 conectado, evitando que voc\u00ea precise fazer login novamente a cada vez que visita uma nova p\u00e1gina. Eles s\u00e3o apagados ao fazer logout para garantir que as \u00e1reas restritas permane\u00e7am seguras.<\/p>\n\n\n\n<h3 class=\"wp-block-heading\">Cookies da newsletter<\/h3>\n\n\n\n<p>Ao se inscrever em nossa newsletter ou servi\u00e7os de e-mail, cookies podem ser usados para lembrar seu status de inscri\u00e7\u00e3o e exibir notifica\u00e7\u00f5es relevantes.<\/p>\n\n\n\n<h3 class=\"wp-block-heading\">Cookies de processamento de pedidos<\/h3>\n\n\n\n<p>Se oferecermos produtos ou servi\u00e7os que exigem pagamento, os cookies s\u00e3o essenciais para garantir que os detalhes do seu pedido sejam lembrados entre as p\u00e1ginas, para que as transa\u00e7\u00f5es possam ser processadas corretamente.<\/p>\n\n\n\n<h3 class=\"wp-block-heading\">Cookies de pesquisa<\/h3>\n\n\n\n<p>De tempos em tempos, podemos disponibilizar pesquisas ou question\u00e1rios. Cookies podem ser usados para rastrear a participa\u00e7\u00e3o ou armazenar temporariamente as respostas.<\/p>\n\n\n\n<h3 class=\"wp-block-heading\">Cookies de formul\u00e1rio<\/h3>\n\n\n\n<p>Ao enviar informa\u00e7\u00f5es por meio de formul\u00e1rios (como formul\u00e1rios de contato ou de coment\u00e1rios), os cookies podem armazenar seus dados para simplificar intera\u00e7\u00f5es futuras.<\/p>\n\n\n\n<h3 class=\"wp-block-heading\">Cookies de prefer\u00eancias do site<\/h3>\n\n\n\n<p>Esses cookies nos permitem lembrar suas prefer\u00eancias e configura\u00e7\u00f5es, proporcionando uma experi\u00eancia de navega\u00e7\u00e3o mais personalizada.<\/p>\n\n\n\n<hr class=\"wp-block-separator has-alpha-channel-opacity\" \/>\n\n\n\n<h2 class=\"wp-block-heading\">Cookies de terceiros<\/h2>\n\n\n\n<p>Em determinados casos, utilizamos cookies fornecidos por terceiros confi\u00e1veis.<\/p>\n\n\n\n<h3 class=\"wp-block-heading\">Google Analytics<\/h3>\n\n\n\n<p>A Zavales utiliza o Google Analytics, uma das ferramentas de an\u00e1lise web mais usadas. Esses cookies nos ajudam a entender como os visitantes usam nosso site \u2014 incluindo o tempo gasto nas p\u00e1ginas, os padr\u00f5es de navega\u00e7\u00e3o e o engajamento \u2014 para que possamos melhorar a experi\u00eancia do usu\u00e1rio.<\/p>\n\n\n\n<p>Para obter mais detalhes, consulte a documenta\u00e7\u00e3o oficial do Google Analytics.<\/p>\n\n\n\n<h3 class=\"wp-block-heading\">Ferramentas anal\u00edticas adicionais<\/h3>\n\n\n\n<p>Tamb\u00e9m podemos usar outros servi\u00e7os de an\u00e1lise de terceiros para monitorar e medir o uso do site, o que nos ajuda a melhorar a qualidade do conte\u00fado e o desempenho geral.<\/p>\n\n\n\n<h3 class=\"wp-block-heading\">Cookies de teste de funcionalidades<\/h3>\n\n\n\n<p>Ocasionalmente, testamos novos recursos ou fazemos ajustes no layout do site. Cookies podem ser usados para garantir uma experi\u00eancia de usu\u00e1rio consistente e para avaliar quais melhorias s\u00e3o mais apreciadas.<\/p>\n\n\n\n<h3 class=\"wp-block-heading\">Cookies de com\u00e9rcio eletr\u00f4nico<\/h3>\n\n\n\n<p>Se oferecermos produtos ou servi\u00e7os, esses cookies nos ajudam a analisar o comportamento de compra e as m\u00e9tricas de desempenho para melhorar as ofertas e as estrat\u00e9gias de publicidade.<\/p>\n\n\n\n<h3 class=\"wp-block-heading\">Cookies de m\u00eddia social<\/h3>\n\n\n\n<p>Podemos incluir bot\u00f5es ou plugins de redes sociais (como Facebook, Instagram, X\/Twitter, Pinterest e outras). Essas plataformas podem instalar cookies por meio do nosso site, de acordo com suas pr\u00f3prias pol\u00edticas de privacidade.<\/p>\n\n\n\n<hr class=\"wp-block-separator has-alpha-channel-opacity\" \/>\n\n\n\n<h2 class=\"wp-block-heading\">Op\u00e7\u00f5es de publicidade e de desativa\u00e7\u00e3o<\/h2>\n\n\n\n<p>Utilizamos o Google AdX e outros parceiros de publicidade para exibir an\u00fancios.<\/p>\n\n\n\n<p>O Google e seus parceiros podem usar cookies e tecnologias semelhantes para personalizar an\u00fancios com base nos interesses e no comportamento de navega\u00e7\u00e3o do usu\u00e1rio.<\/p>\n\n\n\n<p>Voc\u00ea pode gerenciar ou desativar an\u00fancios personalizados acessando:<\/p>\n\n\n\n<ul>\n<li><a href=\"https:\/\/myadcenter.google.com\/home?sasb=true&amp;ref=ad-settings\">Configura\u00e7\u00f5es de an\u00fancios do Google<\/a><\/li>\n\n\n\n<li><a href=\"https:\/\/myadcenter.google.com\/home\">Central de an\u00fancios do Google<\/a><\/li>\n<\/ul>\n\n\n\n<p>Voc\u00ea pode optar por n\u00e3o receber publicidade personalizada a qualquer momento usando essas ferramentas.<\/p>\n\n\n\n<hr class=\"wp-block-separator has-alpha-channel-opacity\" \/>\n\n\n\n<h2 class=\"wp-block-heading\">Informa\u00e7\u00f5es finais<\/h2>\n\n\n\n<p>Esperamos que esta pol\u00edtica tenha esclarecido como lidamos com a privacidade e os cookies. Caso n\u00e3o tenha certeza se precisa de determinados cookies, geralmente \u00e9 recomend\u00e1vel mant\u00ea-los ativados para evitar interrup\u00e7\u00f5es em funcionalidades essenciais do site.<\/p>\n\n\n\n<p>Esta pol\u00edtica entra em vigor a partir de <strong>Novembro de 2025<\/strong>.<\/p>","protected":false},"excerpt":{"rendered":"<p>Your privacy is important to us. It is the policy of Zavales to respect and protect any personal information we may collect from you through our website, Zavales, as well as other websites and platforms we own and operate. We only request personal information when it is genuinely necessary to provide a service to you. [&hellip;]<\/p>","protected":false},"author":267,"featured_media":0,"parent":0,"menu_order":0,"comment_status":"closed","ping_status":"closed","template":"","meta":{"footnotes":""},"_links":{"self":[{"href":"https:\/\/zavales.com\/pt\/wp-json\/wp\/v2\/pages\/7"}],"collection":[{"href":"https:\/\/zavales.com\/pt\/wp-json\/wp\/v2\/pages"}],"about":[{"href":"https:\/\/zavales.com\/pt\/wp-json\/wp\/v2\/types\/page"}],"author":[{"embeddable":true,"href":"https:\/\/zavales.com\/pt\/wp-json\/wp\/v2\/users\/267"}],"replies":[{"embeddable":true,"href":"https:\/\/zavales.com\/pt\/wp-json\/wp\/v2\/comments?post=7"}],"version-history":[{"count":2,"href":"https:\/\/zavales.com\/pt\/wp-json\/wp\/v2\/pages\/7\/revisions"}],"predecessor-version":[{"id":453,"href":"https:\/\/zavales.com\/pt\/wp-json\/wp\/v2\/pages\/7\/revisions\/453"}],"wp:attachment":[{"href":"https:\/\/zavales.com\/pt\/wp-json\/wp\/v2\/media?parent=7"}],"curies":[{"name":"wp","href":"https:\/\/api.w.org\/{rel}","templated":true}]}}