    {"id":9,"date":"2026-02-06T18:24:32","date_gmt":"2026-02-06T18:24:32","guid":{"rendered":"https:\/\/zavales.com\/?page_id=9"},"modified":"2026-02-11T18:58:39","modified_gmt":"2026-02-11T18:58:39","slug":"terms-of-use","status":"publish","type":"page","link":"https:\/\/zavales.com\/pt\/terms-of-use\/","title":{"rendered":"Termos de Uso"},"content":{"rendered":"<p>Ao acessar e usar o site <strong>Zavales<\/strong>Ao utilizar este servi\u00e7o, voc\u00ea concorda em cumprir estes Termos de Servi\u00e7o, bem como todas as leis e regulamentos aplic\u00e1veis. <\/p>\n\n\n\n<p>Voc\u00ea reconhece que \u00e9 respons\u00e1vel por garantir a conformidade com todas as leis aplic\u00e1veis dos Estados Unidos. Caso n\u00e3o concorde com qualquer parte destes termos, voc\u00ea n\u00e3o deve acessar ou usar este site. <\/p>\n\n\n\n<p>Todo o conte\u00fado e materiais dispon\u00edveis neste site est\u00e3o protegidos pelas leis de direitos autorais e marcas registradas aplic\u00e1veis.<\/p>\n\n\n\n<hr class=\"wp-block-separator has-alpha-channel-opacity\" \/>\n\n\n\n<h2 class=\"wp-block-heading\">1. Licen\u00e7a de Uso<\/h2>\n\n\n\n<p>A Zavales concede a voc\u00ea uma licen\u00e7a limitada, n\u00e3o exclusiva e intransfer\u00edvel para baixar temporariamente uma c\u00f3pia dos materiais (incluindo informa\u00e7\u00f5es ou software) do site para visualiza\u00e7\u00e3o pessoal, n\u00e3o comercial e tempor\u00e1ria. <\/p>\n\n\n\n<p>Esta licen\u00e7a n\u00e3o transfere direitos de propriedade.<\/p>\n\n\n\n<p>Ao abrigo desta licen\u00e7a, voc\u00ea n\u00e3o pode:<\/p>\n\n\n\n<ul>\n<li>Modificar, reproduzir ou duplicar os materiais;<\/li>\n\n\n\n<li>Utilizar os materiais para fins comerciais ou para qualquer exibi\u00e7\u00e3o p\u00fablica (comercial ou n\u00e3o comercial);<\/li>\n\n\n\n<li>Tentativa de descompilar, fazer engenharia reversa ou extrair de qualquer outra forma o c\u00f3digo-fonte de qualquer software presente no site;<\/li>\n\n\n\n<li>Remova todos os avisos de direitos autorais, marcas registradas ou direitos de propriedade dos materiais;<\/li>\n\n\n\n<li>Transferir os materiais para outra pessoa ou replic\u00e1-los (&quot;espelh\u00e1-los&quot;) em outro servidor.<\/li>\n<\/ul>\n\n\n\n<p>Esta licen\u00e7a ser\u00e1 automaticamente rescindida se voc\u00ea violar qualquer uma dessas restri\u00e7\u00f5es e poder\u00e1 ser revogada pela Zavales a qualquer momento. <\/p>\n\n\n\n<p>Ao t\u00e9rmino do contrato, voc\u00ea dever\u00e1 apagar ou destruir permanentemente todos os materiais baixados que estiverem em sua posse, sejam eles em formato digital ou impresso.<\/p>\n\n\n\n<hr class=\"wp-block-separator has-alpha-channel-opacity\" \/>\n\n\n\n<h2 class=\"wp-block-heading\">2. Isen\u00e7\u00e3o de responsabilidade<\/h2>\n\n\n\n<p>Todos os materiais fornecidos no Zavales s\u00e3o oferecidos &quot;tal como est\u00e3o&quot; e &quot;conforme disponibilidade&quot;. <\/p>\n\n\n\n<p>A Zavales n\u00e3o oferece garantias expressas ou impl\u00edcitas e se isenta de todas as garantias, incluindo, entre outras, garantias impl\u00edcitas de comercializa\u00e7\u00e3o, adequa\u00e7\u00e3o a uma finalidade espec\u00edfica ou n\u00e3o viola\u00e7\u00e3o de propriedade intelectual ou outros direitos.<\/p>\n\n\n\n<p>Al\u00e9m disso, a Zavales n\u00e3o garante a exatid\u00e3o, os resultados esperados ou a confiabilidade de quaisquer materiais presentes no site ou em quaisquer sites externos vinculados a ele.<\/p>\n\n\n\n<hr class=\"wp-block-separator has-alpha-channel-opacity\" \/>\n\n\n\n<h2 class=\"wp-block-heading\">3. Limita\u00e7\u00e3o de Responsabilidade<\/h2>\n\n\n\n<p>Em nenhuma circunst\u00e2ncia a Zavales ou seus fornecedores ser\u00e3o responsabilizados por quaisquer danos decorrentes do uso ou da impossibilidade de uso dos materiais deste site. Isso inclui, sem limita\u00e7\u00e3o, danos por perda de dados, perda de lucros ou interrup\u00e7\u00e3o de neg\u00f3cios \u2014 mesmo que a Zavales ou um representante autorizado tenha sido avisado da possibilidade de tais danos.<\/p>\n\n\n\n<p>Algumas jurisdi\u00e7\u00f5es n\u00e3o permitem limita\u00e7\u00f5es de garantias impl\u00edcitas ou de responsabilidade por danos incidentais ou consequenciais. Nesses casos, certas limita\u00e7\u00f5es descritas acima podem n\u00e3o se aplicar a voc\u00ea.<\/p>\n\n\n\n<hr class=\"wp-block-separator has-alpha-channel-opacity\" \/>\n\n\n\n<h2 class=\"wp-block-heading\">4. Precis\u00e3o das informa\u00e7\u00f5es<\/h2>\n\n\n\n<p>O conte\u00fado exibido no site Zavales pode conter imprecis\u00f5es t\u00e9cnicas, tipogr\u00e1ficas ou visuais. O Zavales n\u00e3o garante que qualquer material no site seja preciso, completo ou atualizado. Reservamo-nos o direito de modificar o conte\u00fado do site a qualquer momento, sem aviso pr\u00e9vio; no entanto, n\u00e3o temos a obriga\u00e7\u00e3o de atualizar nenhuma informa\u00e7\u00e3o.<\/p>\n\n\n\n<hr class=\"wp-block-separator has-alpha-channel-opacity\" \/>\n\n\n\n<h2 class=\"wp-block-heading\">5. Links externos<\/h2>\n\n\n\n<p>O Zavales pode conter links para sites de terceiros. N\u00e3o analisamos todos os sites externos vinculados \u00e0 nossa plataforma e n\u00e3o nos responsabilizamos pelo conte\u00fado, pol\u00edticas ou pr\u00e1ticas deles. A inclus\u00e3o de qualquer link n\u00e3o implica endosso. O acesso a sites de terceiros \u00e9 feito por sua conta e risco.<\/p>\n\n\n\n<hr class=\"wp-block-separator has-alpha-channel-opacity\" \/>\n\n\n\n<h2 class=\"wp-block-heading\">6. Revis\u00f5es destes Termos<\/h2>\n\n\n\n<p>A Zavales reserva-se o direito de modificar ou atualizar estes Termos de Servi\u00e7o a qualquer momento, sem aviso pr\u00e9vio. Ao continuar a utilizar o website, voc\u00ea concorda em ficar vinculado \u00e0 vers\u00e3o mais recente destes termos.<\/p>\n\n\n\n<hr class=\"wp-block-separator has-alpha-channel-opacity\" \/>\n\n\n\n<h2 class=\"wp-block-heading\">7. Lei Aplic\u00e1vel<\/h2>\n\n\n\n<p>Estes Termos de Servi\u00e7o s\u00e3o regidos e interpretados de acordo com as leis aplic\u00e1veis dos Estados Unidos. Ao usar este site, voc\u00ea concorda em se submeter \u00e0 jurisdi\u00e7\u00e3o exclusiva dos tribunais competentes dos Estados Unidos para a resolu\u00e7\u00e3o de quaisquer disputas.<\/p>","protected":false},"excerpt":{"rendered":"<p>By accessing and using the website Zavales, you agree to comply with these Terms of Service, as well as all applicable laws and regulations. You acknowledge that you are responsible for ensuring compliance with any relevant laws of the United States. If you do not agree with any part of these terms, you must not [&hellip;]<\/p>","protected":false},"author":267,"featured_media":0,"parent":0,"menu_order":0,"comment_status":"closed","ping_status":"closed","template":"","meta":{"footnotes":""},"_links":{"self":[{"href":"https:\/\/zavales.com\/pt\/wp-json\/wp\/v2\/pages\/9"}],"collection":[{"href":"https:\/\/zavales.com\/pt\/wp-json\/wp\/v2\/pages"}],"about":[{"href":"https:\/\/zavales.com\/pt\/wp-json\/wp\/v2\/types\/page"}],"author":[{"embeddable":true,"href":"https:\/\/zavales.com\/pt\/wp-json\/wp\/v2\/users\/267"}],"replies":[{"embeddable":true,"href":"https:\/\/zavales.com\/pt\/wp-json\/wp\/v2\/comments?post=9"}],"version-history":[{"count":2,"href":"https:\/\/zavales.com\/pt\/wp-json\/wp\/v2\/pages\/9\/revisions"}],"predecessor-version":[{"id":454,"href":"https:\/\/zavales.com\/pt\/wp-json\/wp\/v2\/pages\/9\/revisions\/454"}],"wp:attachment":[{"href":"https:\/\/zavales.com\/pt\/wp-json\/wp\/v2\/media?parent=9"}],"curies":[{"name":"wp","href":"https:\/\/api.w.org\/{rel}","templated":true}]}}