    {"id":9,"date":"2026-02-06T18:24:32","date_gmt":"2026-02-06T18:24:32","guid":{"rendered":"https:\/\/zavales.com\/?page_id=9"},"modified":"2026-02-11T18:58:39","modified_gmt":"2026-02-11T18:58:39","slug":"terms-of-use","status":"publish","type":"page","link":"https:\/\/zavales.com\/sv\/terms-of-use\/","title":{"rendered":"Anv\u00e4ndarvillkor"},"content":{"rendered":"<p>Genom att bes\u00f6ka och anv\u00e4nda webbplatsen <strong>Zavales<\/strong>, samtycker du till att f\u00f6lja dessa anv\u00e4ndarvillkor, s\u00e5v\u00e4l som alla till\u00e4mpliga lagar och f\u00f6rordningar. <\/p>\n\n\n\n<p>Du bekr\u00e4ftar att du \u00e4r ansvarig f\u00f6r att s\u00e4kerst\u00e4lla att alla relevanta lagar i USA f\u00f6ljs. Om du inte godk\u00e4nner n\u00e5gon del av dessa villkor f\u00e5r du inte bes\u00f6ka eller anv\u00e4nda denna webbplats. <\/p>\n\n\n\n<p>Allt inneh\u00e5ll och material som finns tillg\u00e4ngligt p\u00e5 denna webbplats \u00e4r skyddat av till\u00e4mpliga upphovsr\u00e4tts- och varum\u00e4rkeslagar.<\/p>\n\n\n\n<hr class=\"wp-block-separator has-alpha-channel-opacity\" \/>\n\n\n\n<h2 class=\"wp-block-heading\">1. Anv\u00e4ndningslicens<\/h2>\n\n\n\n<p>Zavales beviljar dig en begr\u00e4nsad, icke-exklusiv, icke-\u00f6verf\u00f6rbar licens att tillf\u00e4lligt ladda ner en kopia av materialet (inklusive information eller programvara) fr\u00e5n webbplatsen f\u00f6r personlig, icke-kommersiell och tillf\u00e4llig visning. <\/p>\n\n\n\n<p>Denna licens \u00f6verf\u00f6r inte \u00e4gander\u00e4tten.<\/p>\n\n\n\n<p>Enligt denna licens f\u00e5r du inte:<\/p>\n\n\n\n<ul>\n<li>Modifiera, reproducera eller duplicera materialet;<\/li>\n\n\n\n<li>Anv\u00e4nda materialet f\u00f6r kommersiella \u00e4ndam\u00e5l eller f\u00f6r offentlig visning (kommersiell eller icke-kommersiell);<\/li>\n\n\n\n<li>F\u00f6rs\u00f6ka dekompilera, bak\u00e5tkompilera eller p\u00e5 annat s\u00e4tt extrahera k\u00e4llkod fr\u00e5n n\u00e5gon programvara p\u00e5 webbplatsen;<\/li>\n\n\n\n<li>Ta bort alla meddelanden om upphovsr\u00e4tt, varum\u00e4rken eller \u00e4gander\u00e4tt fr\u00e5n materialet;<\/li>\n\n\n\n<li>\u00d6verf\u00f6r materialet till en annan person eller replikera (&quot;spegla&quot;) det p\u00e5 en annan server.<\/li>\n<\/ul>\n\n\n\n<p>Denna licens upph\u00f6r automatiskt om du bryter mot n\u00e5gon av dessa begr\u00e4nsningar och kan \u00e5terkallas av Zavales n\u00e4r som helst. <\/p>\n\n\n\n<p>Vid upps\u00e4gning m\u00e5ste du permanent radera eller f\u00f6rst\u00f6ra allt nedladdat material i din besittning, oavsett om det \u00e4r i digital eller tryckt form.<\/p>\n\n\n\n<hr class=\"wp-block-separator has-alpha-channel-opacity\" \/>\n\n\n\n<h2 class=\"wp-block-heading\">2. Friskrivningsklausul<\/h2>\n\n\n\n<p>Allt material som tillhandah\u00e5lls p\u00e5 Zavales erbjuds i befintligt skick och i dess tillg\u00e4nglighet. <\/p>\n\n\n\n<p>Zavales l\u00e4mnar inga uttryckliga eller underf\u00f6rst\u00e5dda garantier och fr\u00e5ns\u00e4ger sig alla garantier, inklusive men inte begr\u00e4nsat till underf\u00f6rst\u00e5dda garantier om s\u00e4ljbarhet, l\u00e4mplighet f\u00f6r ett visst \u00e4ndam\u00e5l eller icke-intr\u00e5ng i immateriella r\u00e4ttigheter eller andra r\u00e4ttigheter.<\/p>\n\n\n\n<p>Dessutom garanterar inte Zavales riktigheten, f\u00f6rv\u00e4ntade resultat eller tillf\u00f6rlitligheten hos n\u00e5got material p\u00e5 webbplatsen eller p\u00e5 externa webbplatser som l\u00e4nkas till den.<\/p>\n\n\n\n<hr class=\"wp-block-separator has-alpha-channel-opacity\" \/>\n\n\n\n<h2 class=\"wp-block-heading\">3. Ansvarsbegr\u00e4nsning<\/h2>\n\n\n\n<p>Zavales eller dess leverant\u00f6rer ska under inga omst\u00e4ndigheter h\u00e5llas ansvariga f\u00f6r n\u00e5gra skador som uppst\u00e5r till f\u00f6ljd av anv\u00e4ndning av, eller of\u00f6rm\u00e5ga att anv\u00e4nda, materialet p\u00e5 denna webbplats. Detta inkluderar, utan begr\u00e4nsning, skador f\u00f6r dataf\u00f6rlust, utebliven vinst eller avbrott i verksamheten \u2013 \u00e4ven om Zavales eller en auktoriserad representant har informerats om m\u00f6jligheten till s\u00e5dana skador.<\/p>\n\n\n\n<p>Vissa jurisdiktioner till\u00e5ter inte begr\u00e4nsningar av underf\u00f6rst\u00e5dda garantier eller ansvar f\u00f6r of\u00f6rutsedda skador eller f\u00f6ljdskador. I s\u00e5dana fall kanske vissa begr\u00e4nsningar som beskrivs ovan inte g\u00e4ller dig.<\/p>\n\n\n\n<hr class=\"wp-block-separator has-alpha-channel-opacity\" \/>\n\n\n\n<h2 class=\"wp-block-heading\">4. Informationens noggrannhet<\/h2>\n\n\n\n<p>Inneh\u00e5llet som visas p\u00e5 Zavales kan inneh\u00e5lla tekniska, typografiska eller visuella felaktigheter. Zavales garanterar inte att n\u00e5got material p\u00e5 webbplatsen \u00e4r korrekt, fullst\u00e4ndigt eller aktuellt. Vi f\u00f6rbeh\u00e5ller oss r\u00e4tten att \u00e4ndra webbplatsens inneh\u00e5ll n\u00e4r som helst utan f\u00f6reg\u00e5ende meddelande; vi \u00e4r dock inte skyldiga att uppdatera n\u00e5gon information.<\/p>\n\n\n\n<hr class=\"wp-block-separator has-alpha-channel-opacity\" \/>\n\n\n\n<h2 class=\"wp-block-heading\">5. Externa l\u00e4nkar<\/h2>\n\n\n\n<p>Zavales kan inneh\u00e5lla l\u00e4nkar till webbplatser fr\u00e5n tredje part. Vi har inte granskat alla externa webbplatser som \u00e4r l\u00e4nkade till v\u00e5r plattform och ansvarar inte f\u00f6r deras inneh\u00e5ll, policyer eller praxis. Inkludering av en l\u00e4nk inneb\u00e4r inte att du st\u00f6der oss. \u00c5tkomst till webbplatser fr\u00e5n tredje part sker p\u00e5 egen risk.<\/p>\n\n\n\n<hr class=\"wp-block-separator has-alpha-channel-opacity\" \/>\n\n\n\n<h2 class=\"wp-block-heading\">6. Revideringar av dessa villkor<\/h2>\n\n\n\n<p>Zavales f\u00f6rbeh\u00e5ller sig r\u00e4tten att \u00e4ndra eller uppdatera dessa anv\u00e4ndarvillkor n\u00e4r som helst utan f\u00f6reg\u00e5ende meddelande. Genom att forts\u00e4tta anv\u00e4nda webbplatsen godk\u00e4nner du att vara bunden av den senaste versionen av dessa villkor.<\/p>\n\n\n\n<hr class=\"wp-block-separator has-alpha-channel-opacity\" \/>\n\n\n\n<h2 class=\"wp-block-heading\">7. Till\u00e4mplig lag<\/h2>\n\n\n\n<p>Dessa anv\u00e4ndarvillkor regleras av och tolkas i enlighet med till\u00e4mplig lag i USA. Genom att anv\u00e4nda denna webbplats samtycker du till att underkasta dig exklusiv jurisdiktion f\u00f6r beh\u00f6riga domstolar i USA f\u00f6r l\u00f6sning av eventuella tvister.<\/p>","protected":false},"excerpt":{"rendered":"<p>Genom att bes\u00f6ka och anv\u00e4nda webbplatsen Zavales godk\u00e4nner du att f\u00f6lja dessa anv\u00e4ndarvillkor, s\u00e5v\u00e4l som alla till\u00e4mpliga lagar och f\u00f6rordningar. Du bekr\u00e4ftar att du \u00e4r ansvarig f\u00f6r att s\u00e4kerst\u00e4lla att alla relevanta lagar i USA f\u00f6ljs. Om du inte godk\u00e4nner n\u00e5gon del av dessa villkor f\u00e5r du inte [\u2026]<\/p>","protected":false},"author":267,"featured_media":0,"parent":0,"menu_order":0,"comment_status":"closed","ping_status":"closed","template":"","meta":{"footnotes":""},"_links":{"self":[{"href":"https:\/\/zavales.com\/sv\/wp-json\/wp\/v2\/pages\/9"}],"collection":[{"href":"https:\/\/zavales.com\/sv\/wp-json\/wp\/v2\/pages"}],"about":[{"href":"https:\/\/zavales.com\/sv\/wp-json\/wp\/v2\/types\/page"}],"author":[{"embeddable":true,"href":"https:\/\/zavales.com\/sv\/wp-json\/wp\/v2\/users\/267"}],"replies":[{"embeddable":true,"href":"https:\/\/zavales.com\/sv\/wp-json\/wp\/v2\/comments?post=9"}],"version-history":[{"count":2,"href":"https:\/\/zavales.com\/sv\/wp-json\/wp\/v2\/pages\/9\/revisions"}],"predecessor-version":[{"id":454,"href":"https:\/\/zavales.com\/sv\/wp-json\/wp\/v2\/pages\/9\/revisions\/454"}],"wp:attachment":[{"href":"https:\/\/zavales.com\/sv\/wp-json\/wp\/v2\/media?parent=9"}],"curies":[{"name":"wp","href":"https:\/\/api.w.org\/{rel}","templated":true}]}}