    {"id":10,"date":"2026-02-06T18:25:53","date_gmt":"2026-02-06T18:25:53","guid":{"rendered":"https:\/\/zavales.com\/?page_id=10"},"modified":"2026-02-11T18:45:53","modified_gmt":"2026-02-11T18:45:53","slug":"contact-us","status":"publish","type":"page","link":"https:\/\/zavales.com\/tr\/contact-us\/","title":{"rendered":"Bize Ula\u015f\u0131n"},"content":{"rendered":"<p>Sizden haber almak i\u00e7in her zaman haz\u0131r\u0131z!<br>At <strong>Zavales<\/strong>Okurlar\u0131m\u0131z, ortaklar\u0131m\u0131z ve ziyaret\u00e7ilerimizle a\u00e7\u0131k, sayg\u0131l\u0131 ve \u015feffaf ileti\u015fime de\u011fer veriyoruz. <\/p>\n\n\n\n<p>G\u00f6r\u00fc\u015fleriniz bizim i\u00e7in \u00f6nemlidir ve her mesaj, uygulamalar, teknoloji, e\u011flence ve dijital ara\u00e7lar genelinde y\u00fcksek kaliteli i\u00e7erik sunmaya devam etmemize ve kendimizi geli\u015ftirmemize yard\u0131mc\u0131 olur.<\/p>\n\n\n\n<p>Herhangi bir sorunuz, \u00f6neriniz, geri bildiriminiz, i\u015f birli\u011fi teklifiniz varsa veya sadece ileti\u015fime ge\u00e7mek istiyorsan\u0131z, e-posta yoluyla bizimle ileti\u015fime ge\u00e7mekten \u00e7ekinmeyin. <strong>contato@zavales.com<\/strong>.<\/p>\n\n\n\n<p>M\u00fcmk\u00fcn olan en k\u0131sa s\u00fcrede yan\u0131t veriyoruz ve ald\u0131\u011f\u0131m\u0131z her mesaja de\u011fer veriyoruz.<\/p>\n\n\n\n<p>Takip etti\u011finiz i\u00e7in te\u015fekk\u00fcr ederim. <strong>Zavales<\/strong>!<\/p>","protected":false},"excerpt":{"rendered":"<p>We are always ready to hear from you!At Zavales, we value open, respectful and transparent communication with our readers, partners and visitors. Your opinions are important to us and every message helps us improve and continue providing high-quality content across apps, technology, entertainment and digital utilities. If you have any questions, suggestions, feedback, collaboration proposals [&hellip;]<\/p>","protected":false},"author":267,"featured_media":0,"parent":0,"menu_order":0,"comment_status":"closed","ping_status":"closed","template":"","meta":{"footnotes":""},"_links":{"self":[{"href":"https:\/\/zavales.com\/tr\/wp-json\/wp\/v2\/pages\/10"}],"collection":[{"href":"https:\/\/zavales.com\/tr\/wp-json\/wp\/v2\/pages"}],"about":[{"href":"https:\/\/zavales.com\/tr\/wp-json\/wp\/v2\/types\/page"}],"author":[{"embeddable":true,"href":"https:\/\/zavales.com\/tr\/wp-json\/wp\/v2\/users\/267"}],"replies":[{"embeddable":true,"href":"https:\/\/zavales.com\/tr\/wp-json\/wp\/v2\/comments?post=10"}],"version-history":[{"count":3,"href":"https:\/\/zavales.com\/tr\/wp-json\/wp\/v2\/pages\/10\/revisions"}],"predecessor-version":[{"id":449,"href":"https:\/\/zavales.com\/tr\/wp-json\/wp\/v2\/pages\/10\/revisions\/449"}],"wp:attachment":[{"href":"https:\/\/zavales.com\/tr\/wp-json\/wp\/v2\/media?parent=10"}],"curies":[{"name":"wp","href":"https:\/\/api.w.org\/{rel}","templated":true}]}}