    {"id":7,"date":"2026-02-06T18:25:24","date_gmt":"2026-02-06T18:25:24","guid":{"rendered":"https:\/\/zavales.com\/?page_id=7"},"modified":"2026-02-11T18:56:00","modified_gmt":"2026-02-11T18:56:00","slug":"privacy-policy","status":"publish","type":"page","link":"https:\/\/zavales.com\/tr\/privacy-policy\/","title":{"rendered":"Gizlilik Politikas\u0131"},"content":{"rendered":"<p>Gizlili\u011finiz bizim i\u00e7in \u00f6nemlidir. Bu, politikam\u0131zd\u0131r. <strong>Zavales<\/strong> Web sitemiz Zavales arac\u0131l\u0131\u011f\u0131yla ve sahip oldu\u011fumuz ve i\u015fletti\u011fimiz di\u011fer web siteleri ve platformlar arac\u0131l\u0131\u011f\u0131yla sizden toplayabilece\u011fimiz her t\u00fcrl\u00fc ki\u015fisel bilgiyi sayg\u0131yla koruyup muhafaza edece\u011fiz.<\/p>\n\n\n\n<p>Ki\u015fisel bilgilerinizi yaln\u0131zca size hizmet sunmak i\u00e7in ger\u00e7ekten gerekli oldu\u011funda talep ederiz. T\u00fcm veriler, bilginiz ve onay\u0131n\u0131zla, yasal ve \u015feffaf yollarla toplan\u0131r. Bilgileri neden toplad\u0131\u011f\u0131m\u0131z\u0131 ve nas\u0131l kullan\u0131laca\u011f\u0131n\u0131 a\u00e7\u0131k\u00e7a a\u00e7\u0131kl\u0131yoruz.<\/p>\n\n\n\n<p>Toplanan bilgileri yaln\u0131zca toplama amac\u0131n\u0131 yerine getirmek i\u00e7in gerekli oldu\u011fu s\u00fcre boyunca saklar\u0131z. Saklad\u0131\u011f\u0131m\u0131z veriler, kay\u0131p, h\u0131rs\u0131zl\u0131k, yetkisiz eri\u015fim, if\u015fa, de\u011fi\u015fiklik veya k\u00f6t\u00fcye kullan\u0131m\u0131 \u00f6nlemek i\u00e7in ticari olarak makul g\u00fcvenlik \u00f6nlemleri kullan\u0131larak korunmaktad\u0131r.<\/p>\n\n\n\n<p>Kanunen zorunlu haller d\u0131\u015f\u0131nda, ki\u015fisel olarak tan\u0131mlanabilir bilgileri kamuya a\u00e7\u0131k olarak payla\u015fm\u0131yor veya \u00fc\u00e7\u00fcnc\u00fc taraflara if\u015fa etmiyoruz.<\/p>\n\n\n\n<p>Web sitemiz, Zavales taraf\u0131ndan i\u015fletilmeyen harici sitelere ba\u011flant\u0131lar i\u00e7erebilir. Bu web sitelerinin i\u00e7eri\u011fi veya gizlilik uygulamalar\u0131 \u00fczerinde hi\u00e7bir kontrol\u00fcm\u00fcz olmad\u0131\u011f\u0131n\u0131 ve ilgili politikalar\u0131ndan sorumlu tutulamayaca\u011f\u0131m\u0131z\u0131 l\u00fctfen unutmay\u0131n.<\/p>\n\n\n\n<p>Ki\u015fisel bilgilerinizi vermeyi reddetmekte \u00f6zg\u00fcrs\u00fcn\u00fcz; ancak bunun belirli hizmetlere eri\u015fiminizi s\u0131n\u0131rlayabilece\u011fini l\u00fctfen unutmay\u0131n.<\/p>\n\n\n\n<p>Web sitemizi kullanmaya devam ederek, ki\u015fisel verilerle ilgili gizlilik uygulamalar\u0131m\u0131z\u0131 kabul etmi\u015f ve onaylam\u0131\u015f olursunuz. Kullan\u0131c\u0131 bilgilerini nas\u0131l i\u015fledi\u011fimizle ilgili herhangi bir sorunuz varsa, l\u00fctfen istedi\u011finiz zaman bizimle ileti\u015fime ge\u00e7mekten \u00e7ekinmeyin.<\/p>\n\n\n\n<hr class=\"wp-block-separator has-alpha-channel-opacity\" \/>\n\n\n\n<h1 class=\"wp-block-heading\">Zavales i\u00e7in \u00c7erez Politikas\u0131<\/h1>\n\n\n\n<p>Bu, \u00c7erez Politikas\u0131d\u0131r. <strong>Zavales<\/strong>Resmi internet sitemiz \u00fczerinden eri\u015filebilir.<\/p>\n\n\n\n<h2 class=\"wp-block-heading\">\u00c7erezler Nedir?<\/h2>\n\n\n\n<p>\u00c7o\u011fu profesyonel web sitesi gibi, biz de tarama deneyiminizi geli\u015ftirmek i\u00e7in cihaz\u0131n\u0131zda saklanan k\u00fc\u00e7\u00fck metin dosyalar\u0131 olan \u00e7erezleri kullan\u0131yoruz. Bu b\u00f6l\u00fcmde, \u00e7erezlerin hangi bilgileri toplad\u0131\u011f\u0131n\u0131, bunlar\u0131 nas\u0131l kulland\u0131\u011f\u0131m\u0131z\u0131 ve neden bazen gerekli olduklar\u0131n\u0131 a\u00e7\u0131kl\u0131yoruz. Ayr\u0131ca, \u00e7erezleri nas\u0131l devre d\u0131\u015f\u0131 b\u0131rakabilece\u011finizi de a\u00e7\u0131kl\u0131yoruz; ancak bunun baz\u0131 web sitesi i\u015flevlerini etkileyebilece\u011fini de belirtiyoruz.<\/p>\n\n\n\n<h2 class=\"wp-block-heading\">\u00c7erezleri Nas\u0131l Kullan\u0131yoruz?<\/h2>\n\n\n\n<p>A\u015fa\u011f\u0131da belirtilen \u00e7e\u015fitli ama\u00e7lar i\u00e7in \u00e7erezler kullan\u0131yoruz. \u00c7o\u011fu durumda, \u00e7erezlerin sa\u011flad\u0131\u011f\u0131 \u00f6zellik ve i\u015flevselli\u011fi etkilemeden \u00e7erezleri devre d\u0131\u015f\u0131 b\u0131rakmak i\u00e7in standart se\u00e7enekler bulunmamaktad\u0131r. Bu nedenle, \u00e7erezlere ihtiyac\u0131n\u0131z olmad\u0131\u011f\u0131ndan emin olmad\u0131\u011f\u0131n\u0131z s\u00fcrece \u00e7erezleri etkin tutman\u0131z\u0131 \u00f6neririz.<\/p>\n\n\n\n<h2 class=\"wp-block-heading\">\u00c7erezleri Devre D\u0131\u015f\u0131 B\u0131rakma<\/h2>\n\n\n\n<p>Taray\u0131c\u0131 ayarlar\u0131n\u0131z\u0131 de\u011fi\u015ftirerek \u00e7erezlerin ayarlanmas\u0131n\u0131 engelleyebilirsiniz (talimatlar i\u00e7in taray\u0131c\u0131n\u0131z\u0131n Yard\u0131m b\u00f6l\u00fcm\u00fcne bak\u0131n). \u00c7erezleri devre d\u0131\u015f\u0131 b\u0131rakman\u0131n bu ve ziyaret etti\u011finiz di\u011fer web sitelerinin i\u015flevselli\u011fini etkileyebilece\u011fini l\u00fctfen unutmay\u0131n. \u00c7o\u011fu durumda, \u00e7erezleri devre d\u0131\u015f\u0131 b\u0131rakmak belirli \u00f6zelliklerin kayb\u0131na neden olur.<\/p>\n\n\n\n<hr class=\"wp-block-separator has-alpha-channel-opacity\" \/>\n\n\n\n<h2 class=\"wp-block-heading\">Kulland\u0131\u011f\u0131m\u0131z \u00c7erez T\u00fcrleri<\/h2>\n\n\n\n<h3 class=\"wp-block-heading\">Hesapla \u0130lgili \u00c7erezler<\/h3>\n\n\n\n<p>Zavales&#039;te hesap olu\u015fturdu\u011funuzda, kay\u0131t s\u00fcrecini ve genel y\u00f6netimi sa\u011flamak i\u00e7in \u00e7erezler kullan\u0131r\u0131z. Bu \u00e7erezler genellikle oturumunuzu kapatt\u0131\u011f\u0131n\u0131zda kald\u0131r\u0131l\u0131r, ancak baz\u0131 durumlarda tercihlerinizi hat\u0131rlamak i\u00e7in kalabilirler.<\/p>\n\n\n\n<h3 class=\"wp-block-heading\">Giri\u015f \u00c7erezleri<\/h3>\n\n\n\n<p>Bu \u00e7erezler, oturum a\u00e7t\u0131\u011f\u0131n\u0131z\u0131 tan\u0131mam\u0131z\u0131 sa\u011flayarak, yeni bir sayfay\u0131 her ziyaret etti\u011finizde tekrar oturum a\u00e7man\u0131za gerek kalmamas\u0131n\u0131 sa\u011flar. K\u0131s\u0131tl\u0131 alanlar\u0131n g\u00fcvenli\u011finin sa\u011flanmas\u0131 i\u00e7in oturum kapat\u0131ld\u0131\u011f\u0131nda silinirler.<\/p>\n\n\n\n<h3 class=\"wp-block-heading\">Haber B\u00fclteni \u00c7erezleri<\/h3>\n\n\n\n<p>Haber b\u00fcltenimize veya e-posta hizmetlerimize abone olursan\u0131z, abonelik durumunuzu hat\u0131rlamak ve ilgili bildirimleri g\u00f6stermek i\u00e7in \u00e7erezler kullan\u0131labilir.<\/p>\n\n\n\n<h3 class=\"wp-block-heading\">Sipari\u015f \u0130\u015fleme \u00c7erezleri<\/h3>\n\n\n\n<p>\u00d6deme gerektiren \u00fcr\u00fcn veya hizmetler sunuyorsak, sipari\u015f bilgilerinizin sayfalar aras\u0131nda hat\u0131rlanmas\u0131n\u0131 ve i\u015flemlerin do\u011fru \u015fekilde ger\u00e7ekle\u015ftirilmesini sa\u011flamak i\u00e7in \u00e7erezler gereklidir.<\/p>\n\n\n\n<h3 class=\"wp-block-heading\">Anket \u00c7erezleri<\/h3>\n\n\n\n<p>Zaman zaman anketler veya soru formlar\u0131 sunabiliriz. Kat\u0131l\u0131m\u0131 izlemek veya yan\u0131tlar\u0131 ge\u00e7ici olarak saklamak i\u00e7in \u00e7erezler kullan\u0131labilir.<\/p>\n\n\n\n<h3 class=\"wp-block-heading\">Form \u00c7erezleri<\/h3>\n\n\n\n<p>Formlar (\u00f6rne\u011fin ileti\u015fim veya yorum formlar\u0131) arac\u0131l\u0131\u011f\u0131yla bilgi g\u00f6nderdi\u011finizde, \u00e7erezler gelecekteki etkile\u015fimleri kolayla\u015ft\u0131rmak i\u00e7in bilgilerinizi saklayabilir.<\/p>\n\n\n\n<h3 class=\"wp-block-heading\">Site Tercihi \u00c7erezleri<\/h3>\n\n\n\n<p>Bu \u00e7erezler, tercihlerinizi ve ayarlar\u0131n\u0131z\u0131 hat\u0131rlamam\u0131z\u0131 sa\u011flayarak daha ki\u015fiselle\u015ftirilmi\u015f bir tarama deneyimi sunar.<\/p>\n\n\n\n<hr class=\"wp-block-separator has-alpha-channel-opacity\" \/>\n\n\n\n<h2 class=\"wp-block-heading\">\u00dc\u00e7\u00fcnc\u00fc Taraf \u00c7erezleri<\/h2>\n\n\n\n<p>Baz\u0131 durumlarda, g\u00fcvenilir \u00fc\u00e7\u00fcnc\u00fc taraflarca sa\u011flanan \u00e7erezleri kullan\u0131yoruz.<\/p>\n\n\n\n<h3 class=\"wp-block-heading\">Google Analytics<\/h3>\n\n\n\n<p>Zavales, en yayg\u0131n kullan\u0131lan web analiz ara\u00e7lar\u0131ndan biri olan Google Analytics&#039;i kullanmaktad\u0131r. Bu \u00e7erezler, ziyaret\u00e7ilerin sitemizi nas\u0131l kulland\u0131\u011f\u0131n\u0131 (sayfalarda ge\u00e7irilen s\u00fcre, gezinme kal\u0131plar\u0131 ve etkile\u015fim dahil) anlamam\u0131za ve b\u00f6ylece kullan\u0131c\u0131 deneyimini iyile\u015ftirmemize yard\u0131mc\u0131 olur.<\/p>\n\n\n\n<p>Daha fazla ayr\u0131nt\u0131 i\u00e7in l\u00fctfen Google&#039;\u0131n resmi Analytics belgelerine bak\u0131n.<\/p>\n\n\n\n<h3 class=\"wp-block-heading\">Ek Analitik Ara\u00e7lar<\/h3>\n\n\n\n<p>Ayr\u0131ca, web sitesi kullan\u0131m\u0131n\u0131 izlemek ve \u00f6l\u00e7mek i\u00e7in \u00fc\u00e7\u00fcnc\u00fc taraf analiz hizmetlerinden de yararlanabiliriz; bu da i\u00e7erik kalitesini ve genel performans\u0131 art\u0131rmam\u0131za yard\u0131mc\u0131 olur.<\/p>\n\n\n\n<h3 class=\"wp-block-heading\">\u00d6zellik Testi \u00c7erezleri<\/h3>\n\n\n\n<p>Zaman zaman yeni \u00f6zellikler test eder veya web sitesi d\u00fczeninde de\u011fi\u015fiklikler yapar\u0131z. Tutarl\u0131 bir kullan\u0131c\u0131 deneyimi sa\u011flamak ve hangi iyile\u015ftirmelerin daha \u00e7ok be\u011fenildi\u011fini de\u011ferlendirmek i\u00e7in \u00e7erezler kullan\u0131labilir.<\/p>\n\n\n\n<h3 class=\"wp-block-heading\">E-Ticaret \u00c7erezleri<\/h3>\n\n\n\n<p>\u00dcr\u00fcn veya hizmet sunuyorsak, bu \u00e7erezler sat\u0131n alma davran\u0131\u015f\u0131n\u0131 ve performans \u00f6l\u00e7\u00fctlerini analiz etmemize, b\u00f6ylece \u00fcr\u00fcn ve hizmetlerimizi ve reklam stratejilerimizi geli\u015ftirmemize yard\u0131mc\u0131 olur.<\/p>\n\n\n\n<h3 class=\"wp-block-heading\">Sosyal Medya \u00c7erezleri<\/h3>\n\n\n\n<p>Web sitemize sosyal medya butonlar\u0131 veya eklentileri (Facebook, Instagram, Twitter, Pinterest ve di\u011ferleri gibi) ekleyebiliriz. Bu platformlar, kendi gizlilik politikalar\u0131na uygun olarak web sitemiz arac\u0131l\u0131\u011f\u0131yla \u00e7erezler yerle\u015ftirebilir.<\/p>\n\n\n\n<hr class=\"wp-block-separator has-alpha-channel-opacity\" \/>\n\n\n\n<h2 class=\"wp-block-heading\">Reklam ve Vazge\u00e7me Se\u00e7enekleri<\/h2>\n\n\n\n<p>Reklam g\u00f6stermek i\u00e7in Google AdX ve di\u011fer reklam ortaklar\u0131n\u0131 kullan\u0131yoruz.<\/p>\n\n\n\n<p>Google ve ortaklar\u0131, kullan\u0131c\u0131 ilgi alanlar\u0131na ve tarama davran\u0131\u015flar\u0131na g\u00f6re reklamlar\u0131 ki\u015fiselle\u015ftirmek i\u00e7in \u00e7erezler ve benzer teknolojiler kullanabilir.<\/p>\n\n\n\n<p>Ki\u015fiselle\u015ftirilmi\u015f reklamlar\u0131 y\u00f6netmek veya devre d\u0131\u015f\u0131 b\u0131rakmak i\u00e7in \u015fu adresi ziyaret edebilirsiniz:<\/p>\n\n\n\n<ul>\n<li><a href=\"https:\/\/myadcenter.google.com\/home?sasb=true&amp;ref=ad-settings\">Google Reklam Ayarlar\u0131<\/a><\/li>\n\n\n\n<li><a href=\"https:\/\/myadcenter.google.com\/home\">Google Reklam Merkezim<\/a><\/li>\n<\/ul>\n\n\n\n<p>Bu ara\u00e7lar\u0131 kullanarak ki\u015fiselle\u015ftirilmi\u015f reklamlardan istedi\u011finiz zaman vazge\u00e7ebilirsiniz.<\/p>\n\n\n\n<hr class=\"wp-block-separator has-alpha-channel-opacity\" \/>\n\n\n\n<h2 class=\"wp-block-heading\">Son Bilgiler<\/h2>\n\n\n\n<p>Bu politikan\u0131n gizlilik ve \u00e7erezler konusundaki yakla\u015f\u0131m\u0131m\u0131z\u0131 netle\u015ftirdi\u011fini umuyoruz. Belirli \u00e7erezlere ihtiyac\u0131n\u0131z olup olmad\u0131\u011f\u0131ndan emin de\u011filseniz, web sitesinin temel \u00f6zelliklerinin aksamas\u0131n\u0131 \u00f6nlemek i\u00e7in genellikle bunlar\u0131 etkin b\u0131rakman\u0131z \u00f6nerilir.<\/p>\n\n\n\n<p>Bu politika \u015fu tarihten itibaren ge\u00e7erlidir: <strong>Kas\u0131m 2025<\/strong>.<\/p>","protected":false},"excerpt":{"rendered":"<p>Your privacy is important to us. It is the policy of Zavales to respect and protect any personal information we may collect from you through our website, Zavales, as well as other websites and platforms we own and operate. We only request personal information when it is genuinely necessary to provide a service to you. [&hellip;]<\/p>","protected":false},"author":267,"featured_media":0,"parent":0,"menu_order":0,"comment_status":"closed","ping_status":"closed","template":"","meta":{"footnotes":""},"_links":{"self":[{"href":"https:\/\/zavales.com\/tr\/wp-json\/wp\/v2\/pages\/7"}],"collection":[{"href":"https:\/\/zavales.com\/tr\/wp-json\/wp\/v2\/pages"}],"about":[{"href":"https:\/\/zavales.com\/tr\/wp-json\/wp\/v2\/types\/page"}],"author":[{"embeddable":true,"href":"https:\/\/zavales.com\/tr\/wp-json\/wp\/v2\/users\/267"}],"replies":[{"embeddable":true,"href":"https:\/\/zavales.com\/tr\/wp-json\/wp\/v2\/comments?post=7"}],"version-history":[{"count":2,"href":"https:\/\/zavales.com\/tr\/wp-json\/wp\/v2\/pages\/7\/revisions"}],"predecessor-version":[{"id":453,"href":"https:\/\/zavales.com\/tr\/wp-json\/wp\/v2\/pages\/7\/revisions\/453"}],"wp:attachment":[{"href":"https:\/\/zavales.com\/tr\/wp-json\/wp\/v2\/media?parent=7"}],"curies":[{"name":"wp","href":"https:\/\/api.w.org\/{rel}","templated":true}]}}