    {"id":9,"date":"2026-02-06T18:24:32","date_gmt":"2026-02-06T18:24:32","guid":{"rendered":"https:\/\/zavales.com\/?page_id=9"},"modified":"2026-02-11T18:58:39","modified_gmt":"2026-02-11T18:58:39","slug":"terms-of-use","status":"publish","type":"page","link":"https:\/\/zavales.com\/tr\/terms-of-use\/","title":{"rendered":"Kullan\u0131m \u015eartlar\u0131"},"content":{"rendered":"<p>Web sitesine eri\u015ferek ve kullanarak <strong>Zavales<\/strong>Bu Hizmet \u015eartlar\u0131na ve ge\u00e7erli t\u00fcm yasalara ve d\u00fczenlemelere uymay\u0131 kabul edersiniz. <\/p>\n\n\n\n<p>Amerika Birle\u015fik Devletleri&#039;nin ilgili yasalar\u0131na uyumlulu\u011fu sa\u011flamaktan sorumlu oldu\u011funuzu kabul ediyorsunuz. Bu \u015fartlar\u0131n herhangi bir b\u00f6l\u00fcm\u00fcne kat\u0131lm\u0131yorsan\u0131z, bu web sitesine eri\u015fmemeli veya kullanmamal\u0131s\u0131n\u0131z. <\/p>\n\n\n\n<p>Bu sitede yer alan t\u00fcm i\u00e7erik ve materyaller, ge\u00e7erli telif hakk\u0131 ve marka yasalar\u0131yla korunmaktad\u0131r.<\/p>\n\n\n\n<hr class=\"wp-block-separator has-alpha-channel-opacity\" \/>\n\n\n\n<h2 class=\"wp-block-heading\">1. Kullan\u0131m Lisans\u0131<\/h2>\n\n\n\n<p>Zavales size, web sitesinden materyallerin (bilgi veya yaz\u0131l\u0131m dahil) bir kopyas\u0131n\u0131 ki\u015fisel, ticari olmayan ve yaln\u0131zca ge\u00e7ici olarak g\u00f6r\u00fcnt\u00fcleme amac\u0131yla ge\u00e7ici olarak indirmeniz i\u00e7in s\u0131n\u0131rl\u0131, m\u00fcnhas\u0131r olmayan, devredilemez bir lisans vermektedir. <\/p>\n\n\n\n<p>Bu lisans m\u00fclkiyet haklar\u0131n\u0131 devretmez.<\/p>\n\n\n\n<p>Bu lisans kapsam\u0131nda \u015funlar\u0131 yapamazs\u0131n\u0131z:<\/p>\n\n\n\n<ul>\n<li>Materyalleri de\u011fi\u015ftirmek, \u00e7o\u011faltmak veya kopyalamak;<\/li>\n\n\n\n<li>Bu materyalleri ticari ama\u00e7larla veya herhangi bir kamuya a\u00e7\u0131k g\u00f6sterim (ticari veya ticari olmayan) i\u00e7in kullanamazs\u0131n\u0131z;<\/li>\n\n\n\n<li>Web sitesindeki herhangi bir yaz\u0131l\u0131m\u0131n kaynak kodunu derlemeyi tersine m\u00fchendislik yoluyla \u00e7\u00f6zmeye veya ba\u015fka bir \u015fekilde \u00e7\u0131karmaya te\u015febb\u00fcs etmek;<\/li>\n\n\n\n<li>Materyallerden telif hakk\u0131, ticari marka veya m\u00fclkiyet bildirimlerini kald\u0131r\u0131n;<\/li>\n\n\n\n<li>Materyalleri ba\u015fka bir ki\u015fiye aktar\u0131n veya ba\u015fka bir sunucuda kopyalay\u0131n (&quot;yans\u0131t\u0131n&quot;).<\/li>\n<\/ul>\n\n\n\n<p>Bu lisans, bu k\u0131s\u0131tlamalardan herhangi birini ihlal etmeniz durumunda otomatik olarak sona erecektir ve Zavales taraf\u0131ndan herhangi bir zamanda iptal edilebilir. <\/p>\n\n\n\n<p>S\u00f6zle\u015fmenin sona ermesiyle birlikte, dijital veya bas\u0131l\u0131 formatta olsun, elinizde bulunan indirilmi\u015f t\u00fcm materyalleri kal\u0131c\u0131 olarak silmeli veya imha etmelisiniz.<\/p>\n\n\n\n<hr class=\"wp-block-separator has-alpha-channel-opacity\" \/>\n\n\n\n<h2 class=\"wp-block-heading\">2. Yasal Uyar\u0131<\/h2>\n\n\n\n<p>Zavales&#039;te sunulan t\u00fcm materyaller &quot;oldu\u011fu gibi&quot; ve &quot;mevcut oldu\u011fu \u015fekilde&quot; sunulmaktad\u0131r. <\/p>\n\n\n\n<p>Zavales, a\u00e7\u0131k veya z\u0131mni hi\u00e7bir garanti vermez ve sat\u0131labilirlik, belirli bir amaca uygunluk veya fikri m\u00fclkiyet veya di\u011fer haklar\u0131n ihlal edilmemesi de dahil ancak bunlarla s\u0131n\u0131rl\u0131 olmamak \u00fczere t\u00fcm garantileri reddeder.<\/p>\n\n\n\n<p>Ayr\u0131ca Zavales, web sitesindeki veya ona ba\u011flant\u0131l\u0131 harici sitelerdeki herhangi bir materyalin do\u011frulu\u011funu, beklenen sonu\u00e7lar\u0131 veya g\u00fcvenilirli\u011fini garanti etmez.<\/p>\n\n\n\n<hr class=\"wp-block-separator has-alpha-channel-opacity\" \/>\n\n\n\n<h2 class=\"wp-block-heading\">3. Sorumlulu\u011fun S\u0131n\u0131rland\u0131r\u0131lmas\u0131<\/h2>\n\n\n\n<p>Hi\u00e7bir ko\u015fulda Zavales veya tedarik\u00e7ileri, bu web sitesindeki materyallerin kullan\u0131m\u0131ndan veya kullan\u0131lamamas\u0131ndan kaynaklanan herhangi bir zarardan sorumlu tutulamaz. Bu, veri kayb\u0131, kar kayb\u0131 veya i\u015f kesintisi gibi zararlar\u0131 da kapsar; Zavales veya yetkili bir temsilcisine bu t\u00fcr zararlar\u0131n olas\u0131l\u0131\u011f\u0131 bildirilmi\u015f olsa bile.<\/p>\n\n\n\n<p>Baz\u0131 yarg\u0131 b\u00f6lgeleri, z\u0131mni garantiler veya ar\u0131zi ya da dolayl\u0131 zararlara ili\u015fkin sorumluluk s\u0131n\u0131rlamalar\u0131na izin vermemektedir. Bu gibi durumlarda, yukar\u0131da a\u00e7\u0131klanan baz\u0131 s\u0131n\u0131rlamalar sizin i\u00e7in ge\u00e7erli olmayabilir.<\/p>\n\n\n\n<hr class=\"wp-block-separator has-alpha-channel-opacity\" \/>\n\n\n\n<h2 class=\"wp-block-heading\">4. Bilgilerin Do\u011frulu\u011fu<\/h2>\n\n\n\n<p>Zavales&#039;te yer alan i\u00e7erik teknik, tipografik veya g\u00f6rsel hatalar i\u00e7erebilir. Zavales, web sitesindeki hi\u00e7bir materyalin do\u011fru, eksiksiz veya g\u00fcncel oldu\u011funu garanti etmez. Web sitesi i\u00e7eri\u011fini \u00f6nceden haber vermeksizin herhangi bir zamanda de\u011fi\u015ftirme hakk\u0131n\u0131 sakl\u0131 tutar\u0131z; ancak, herhangi bir bilgiyi g\u00fcncellemek zorunda de\u011filiz.<\/p>\n\n\n\n<hr class=\"wp-block-separator has-alpha-channel-opacity\" \/>\n\n\n\n<h2 class=\"wp-block-heading\">5. Harici Ba\u011flant\u0131lar<\/h2>\n\n\n\n<p>Zavales, \u00fc\u00e7\u00fcnc\u00fc taraf web sitelerine ba\u011flant\u0131lar i\u00e7erebilir. Platformumuza ba\u011flant\u0131 verilen t\u00fcm harici siteleri incelemedik ve i\u00e7eriklerinden, politikalar\u0131ndan veya uygulamalar\u0131ndan sorumlu de\u011filiz. Herhangi bir ba\u011flant\u0131n\u0131n eklenmesi, onay anlam\u0131na gelmez. \u00dc\u00e7\u00fcnc\u00fc taraf web sitelerine eri\u015fim kendi sorumlulu\u011funuzdad\u0131r.<\/p>\n\n\n\n<hr class=\"wp-block-separator has-alpha-channel-opacity\" \/>\n\n\n\n<h2 class=\"wp-block-heading\">6. Bu \u015eartlarda De\u011fi\u015fiklikler<\/h2>\n\n\n\n<p>Zavales, bu Hizmet \u015eartlar\u0131n\u0131 \u00f6nceden bildirimde bulunmaks\u0131z\u0131n herhangi bir zamanda de\u011fi\u015ftirme veya g\u00fcncelleme hakk\u0131n\u0131 sakl\u0131 tutar. Web sitesini kullanmaya devam ederek, bu \u015fartlar\u0131n en g\u00fcncel s\u00fcr\u00fcm\u00fcne ba\u011fl\u0131 kalmay\u0131 kabul etmi\u015f olursunuz.<\/p>\n\n\n\n<hr class=\"wp-block-separator has-alpha-channel-opacity\" \/>\n\n\n\n<h2 class=\"wp-block-heading\">7. Uygulanacak Hukuk<\/h2>\n\n\n\n<p>Bu Hizmet \u015eartlar\u0131, Amerika Birle\u015fik Devletleri&#039;nin y\u00fcr\u00fcrl\u00fckteki yasalar\u0131na g\u00f6re y\u00f6netilir ve yorumlan\u0131r. Bu web sitesini kullanarak, herhangi bir anla\u015fmazl\u0131\u011f\u0131n \u00e7\u00f6z\u00fcm\u00fc i\u00e7in Amerika Birle\u015fik Devletleri&#039;ndeki yetkili mahkemelerin m\u00fcnhas\u0131r yarg\u0131 yetkisine tabi olmay\u0131 kabul edersiniz.<\/p>","protected":false},"excerpt":{"rendered":"<p>By accessing and using the website Zavales, you agree to comply with these Terms of Service, as well as all applicable laws and regulations. You acknowledge that you are responsible for ensuring compliance with any relevant laws of the United States. If you do not agree with any part of these terms, you must not [&hellip;]<\/p>","protected":false},"author":267,"featured_media":0,"parent":0,"menu_order":0,"comment_status":"closed","ping_status":"closed","template":"","meta":{"footnotes":""},"_links":{"self":[{"href":"https:\/\/zavales.com\/tr\/wp-json\/wp\/v2\/pages\/9"}],"collection":[{"href":"https:\/\/zavales.com\/tr\/wp-json\/wp\/v2\/pages"}],"about":[{"href":"https:\/\/zavales.com\/tr\/wp-json\/wp\/v2\/types\/page"}],"author":[{"embeddable":true,"href":"https:\/\/zavales.com\/tr\/wp-json\/wp\/v2\/users\/267"}],"replies":[{"embeddable":true,"href":"https:\/\/zavales.com\/tr\/wp-json\/wp\/v2\/comments?post=9"}],"version-history":[{"count":2,"href":"https:\/\/zavales.com\/tr\/wp-json\/wp\/v2\/pages\/9\/revisions"}],"predecessor-version":[{"id":454,"href":"https:\/\/zavales.com\/tr\/wp-json\/wp\/v2\/pages\/9\/revisions\/454"}],"wp:attachment":[{"href":"https:\/\/zavales.com\/tr\/wp-json\/wp\/v2\/media?parent=9"}],"curies":[{"name":"wp","href":"https:\/\/api.w.org\/{rel}","templated":true}]}}